{"id":12212,"date":"2022-04-08T12:30:17","date_gmt":"2022-04-08T10:30:17","guid":{"rendered":"https:\/\/jelproducts.nl\/?page_id=12212"},"modified":"2025-04-25T09:38:51","modified_gmt":"2025-04-25T08:38:51","slug":"haftungsausschluss","status":"publish","type":"page","link":"https:\/\/jelproducts.nl\/de\/disclaimer\/","title":{"rendered":"Haftungsausschluss"},"content":{"rendered":"<div data-elementor-type=\"wp-page\" data-elementor-id=\"12212\" class=\"elementor elementor-12212\" data-elementor-post-type=\"page\">\n\t\t\t\t\t\t<section class=\"elementor-section elementor-top-section elementor-element elementor-element-18ba2a6a elementor-section-height-min-height elementor-section-boxed elementor-section-height-default elementor-section-items-middle\" data-id=\"18ba2a6a\" data-element_type=\"section\" data-e-type=\"section\" data-settings=\"{&quot;background_background&quot;:&quot;classic&quot;}\">\n\t\t\t\t\t\t\t<div class=\"elementor-background-overlay\"><\/div>\n\t\t\t\t\t\t\t<div class=\"elementor-container elementor-column-gap-default\">\n\t\t\t\t\t<div class=\"elementor-column elementor-col-100 elementor-top-column elementor-element elementor-element-66bc5eee\" data-id=\"66bc5eee\" data-element_type=\"column\" data-e-type=\"column\">\n\t\t\t<div class=\"elementor-widget-wrap elementor-element-populated\">\n\t\t\t\t\t\t<div class=\"elementor-element elementor-element-d187cd2 elementor-widget elementor-widget-heading\" data-id=\"d187cd2\" data-element_type=\"widget\" data-e-type=\"widget\" data-widget_type=\"heading.default\">\n\t\t\t\t<div class=\"elementor-widget-container\">\n\t\t\t\t\t<h1 class=\"elementor-heading-title elementor-size-default\">Haftungsausschluss<\/h1>\t\t\t\t<\/div>\n\t\t\t\t<\/div>\n\t\t\t\t\t<\/div>\n\t\t<\/div>\n\t\t\t\t\t<\/div>\n\t\t<\/section>\n\t\t\t\t<section class=\"elementor-section elementor-top-section elementor-element elementor-element-6cf87896 elementor-section-boxed elementor-section-height-default elementor-section-height-default\" data-id=\"6cf87896\" data-element_type=\"section\" data-e-type=\"section\">\n\t\t\t\t\t\t<div class=\"elementor-container elementor-column-gap-default\">\n\t\t\t\t\t<div class=\"elementor-column elementor-col-100 elementor-top-column elementor-element elementor-element-4f08e7d9\" data-id=\"4f08e7d9\" data-element_type=\"column\" data-e-type=\"column\">\n\t\t\t<div class=\"elementor-widget-wrap elementor-element-populated\">\n\t\t\t\t\t\t<div class=\"elementor-element elementor-element-666e073 elementor-align-left elementor-widget elementor-widget-breadcrumbs\" data-id=\"666e073\" data-element_type=\"widget\" data-e-type=\"widget\" data-widget_type=\"breadcrumbs.default\">\n\t\t\t\t<div class=\"elementor-widget-container\">\n\t\t\t\t\t<p id=\"breadcrumbs\"><span><span><a href=\"https:\/\/jelproducts.nl\/\">Startseite<\/a><\/span><\/span><\/p>\t\t\t\t<\/div>\n\t\t\t\t<\/div>\n\t\t\t\t\t<\/div>\n\t\t<\/div>\n\t\t\t\t\t<\/div>\n\t\t<\/section>\n\t\t\t\t<section class=\"elementor-section elementor-top-section elementor-element elementor-element-ce5776f elementor-section-boxed elementor-section-height-default elementor-section-height-default\" data-id=\"ce5776f\" data-element_type=\"section\" data-e-type=\"section\">\n\t\t\t\t\t\t<div class=\"elementor-container elementor-column-gap-default\">\n\t\t\t\t\t<div class=\"elementor-column elementor-col-50 elementor-top-column elementor-element elementor-element-92fe4d7\" data-id=\"92fe4d7\" data-element_type=\"column\" data-e-type=\"column\">\n\t\t\t<div class=\"elementor-widget-wrap elementor-element-populated\">\n\t\t\t\t\t\t<div class=\"elementor-element elementor-element-9a6df99 elementor-widget elementor-widget-heading\" data-id=\"9a6df99\" data-element_type=\"widget\" data-e-type=\"widget\" data-widget_type=\"heading.default\">\n\t\t\t\t<div class=\"elementor-widget-container\">\n\t\t\t\t\t<h2 class=\"elementor-heading-title elementor-size-default\">Haftungsausschluss<\/h2>\t\t\t\t<\/div>\n\t\t\t\t<\/div>\n\t\t\t\t<div class=\"elementor-element elementor-element-9009bd8 elementor-widget elementor-widget-heading\" data-id=\"9009bd8\" data-element_type=\"widget\" data-e-type=\"widget\" data-widget_type=\"heading.default\">\n\t\t\t\t<div class=\"elementor-widget-container\">\n\t\t\t\t\t<h3 class=\"elementor-heading-title elementor-size-default\">Lesen Sie diese sorgf\u00e4ltig<\/h3>\t\t\t\t<\/div>\n\t\t\t\t<\/div>\n\t\t\t\t\t<\/div>\n\t\t<\/div>\n\t\t\t\t<div class=\"elementor-column elementor-col-50 elementor-top-column elementor-element elementor-element-4fbbf1e\" data-id=\"4fbbf1e\" data-element_type=\"column\" data-e-type=\"column\">\n\t\t\t<div class=\"elementor-widget-wrap\">\n\t\t\t\t\t\t\t<\/div>\n\t\t<\/div>\n\t\t\t\t\t<\/div>\n\t\t<\/section>\n\t\t\t\t<section class=\"elementor-section elementor-top-section elementor-element elementor-element-8835b4b elementor-section-boxed elementor-section-height-default elementor-section-height-default\" data-id=\"8835b4b\" data-element_type=\"section\" data-e-type=\"section\">\n\t\t\t\t\t\t<div class=\"elementor-container elementor-column-gap-default\">\n\t\t\t\t\t<div class=\"elementor-column elementor-col-50 elementor-top-column elementor-element elementor-element-e8ff4ae\" data-id=\"e8ff4ae\" data-element_type=\"column\" data-e-type=\"column\">\n\t\t\t<div class=\"elementor-widget-wrap\">\n\t\t\t\t\t\t\t<\/div>\n\t\t<\/div>\n\t\t\t\t<div class=\"elementor-column elementor-col-50 elementor-top-column elementor-element elementor-element-9578dce\" data-id=\"9578dce\" data-element_type=\"column\" data-e-type=\"column\">\n\t\t\t<div class=\"elementor-widget-wrap elementor-element-populated\">\n\t\t\t\t\t\t<div class=\"elementor-element elementor-element-a534c01 elementor-widget elementor-widget-text-editor\" data-id=\"a534c01\" data-element_type=\"widget\" data-e-type=\"widget\" data-widget_type=\"text-editor.default\">\n\t\t\t\t<div class=\"elementor-widget-container\">\n\t\t\t\t\t\t\t\t\t<p>Wir von JEL Products bem\u00fchen uns, sicherzustellen, dass alle Informationen auf unserer internationalen Website korrekt, aktuell und zuverl\u00e4ssig sind. Angesichts der Komplexit\u00e4t und der Risiken, die mit der Schwerindustrie verbunden sind, k\u00f6nnen wir jedoch nicht garantieren, dass alle Informationen immer vollst\u00e4ndig, fehlerfrei und aktuell sind. Daher k\u00f6nnen aus dem Inhalt unserer Website keine Rechte abgeleitet werden, und wir lehnen jede Haftung f\u00fcr die Folgen von Unvollst\u00e4ndigkeiten oder Ungenauigkeiten ab.<\/p>\n<p>Wir behalten uns das Recht vor, den Inhalt unserer Website jederzeit und ohne vorherige Ank\u00fcndigung zu \u00e4ndern. Dies kann sich auf Produktinformationen, Spezifikationen und Gesch\u00e4ftsprozesse auswirken.&nbsp;<span style=\"color: var( --e-global-color-text );\">Auch wenn wir Ihnen Links zu externen Websites zur Verf\u00fcgung stellen, haben wir keine Kontrolle \u00fcber den Inhalt und den Betrieb dieser Websites und k\u00f6nnen nicht f\u00fcr deren Richtlinien oder Leistung verantwortlich oder haftbar gemacht werden.<\/span><\/p>\n<p>Alle Rechte an geistigem Eigentum in Bezug auf unsere Website und ihren Inhalt geh\u00f6ren JEL Products. Sie d\u00fcrfen ohne unsere ausdr\u00fcckliche schriftliche Zustimmung keine Informationen von unserer Website verwenden, ver\u00e4ndern, offenlegen, vervielf\u00e4ltigen oder verbreiten.<\/p>\n<p>Wir bitten alle Benutzer, die Informationen auf unserer Website sorgf\u00e4ltig zu nutzen, insbesondere wenn sie sich auf Produkte und Dienstleistungen f\u00fcr die Schwerindustrie beziehen, und uns bei Fragen oder f\u00fcr notwendige Einwilligungen direkt zu kontaktieren.<\/p>\n<p>Durch die Nutzung unserer Website erkl\u00e4ren Sie sich mit den Bedingungen dieses Haftungsausschlusses einverstanden.<\/p>\t\t\t\t\t\t\t\t<\/div>\n\t\t\t\t<\/div>\n\t\t\t\t\t<\/div>\n\t\t<\/div>\n\t\t\t\t\t<\/div>\n\t\t<\/section>\n\t\t\t\t<\/div>","protected":false},"excerpt":{"rendered":"<p>Disclaimer Disclaimer Lees deze zorgvuldig door Wij bij JEL Products spannen ons in om ervoor te zorgen dat alle informatie op onze internationale website nauwkeurig, actueel en betrouwbaar is. Echter, gezien de complexiteit en het risico verbonden aan de zware industrie, kunnen wij niet garanderen dat alle informatie altijd volledig, foutloos en up-to-date is. Daarom [&hellip;]<\/p>\n","protected":false},"author":1,"featured_media":14185,"parent":0,"menu_order":0,"comment_status":"closed","ping_status":"closed","template":"","meta":{"footnotes":""},"class_list":["post-12212","page","type-page","status-publish","has-post-thumbnail","hentry"],"yoast_head":"<!-- This site is optimized with the Yoast SEO Premium plugin v27.4 (Yoast SEO v27.4) - https:\/\/yoast.com\/product\/yoast-seo-premium-wordpress\/ -->\n<title>Disclaimer<\/title>\n<meta name=\"description\" content=\"Lees voor het gebruik van onze site onze disclaimer zodat u op de hoogte bent van alle informatie aangaande uw bezoek.\" \/>\n<meta name=\"robots\" content=\"index, follow, max-snippet:-1, max-image-preview:large, max-video-preview:-1\" \/>\n<link rel=\"canonical\" href=\"https:\/\/jelproducts.nl\/de\/haftungsausschluss\/\" \/>\n<meta property=\"og:locale\" content=\"de_DE\" \/>\n<meta property=\"og:type\" content=\"article\" \/>\n<meta property=\"og:title\" content=\"Disclaimer\" \/>\n<meta property=\"og:description\" content=\"Lees voor het gebruik van onze site onze disclaimer zodat u op de hoogte bent van alle informatie aangaande uw bezoek.\" \/>\n<meta property=\"og:url\" content=\"https:\/\/jelproducts.nl\/de\/haftungsausschluss\/\" \/>\n<meta property=\"og:site_name\" content=\"JEL Products\" \/>\n<meta property=\"article:modified_time\" content=\"2025-04-25T08:38:51+00:00\" \/>\n<meta property=\"og:image\" content=\"https:\/\/jelproducts.nl\/wp-content\/uploads\/2022\/06\/SEO-_-Algemeen-JEL-Products.png\" \/>\n\t<meta property=\"og:image:width\" content=\"1000\" \/>\n\t<meta property=\"og:image:height\" content=\"1000\" \/>\n\t<meta property=\"og:image:type\" content=\"image\/png\" \/>\n<meta name=\"twitter:card\" content=\"summary_large_image\" \/>\n<meta name=\"twitter:label1\" content=\"Gesch\u00e4tzte Lesezeit\" \/>\n\t<meta name=\"twitter:data1\" content=\"2\u00a0Minuten\" \/>\n<script type=\"application\/ld+json\" class=\"yoast-schema-graph\">{\"@context\":\"https:\\\/\\\/schema.org\",\"@graph\":[{\"@type\":\"WebPage\",\"@id\":\"https:\\\/\\\/jelproducts.nl\\\/en\\\/disclaimer\\\/\",\"url\":\"https:\\\/\\\/jelproducts.nl\\\/en\\\/disclaimer\\\/\",\"name\":\"Disclaimer\",\"isPartOf\":{\"@id\":\"https:\\\/\\\/jelproducts.nl\\\/en\\\/#website\"},\"primaryImageOfPage\":{\"@id\":\"https:\\\/\\\/jelproducts.nl\\\/en\\\/disclaimer\\\/#primaryimage\"},\"image\":{\"@id\":\"https:\\\/\\\/jelproducts.nl\\\/en\\\/disclaimer\\\/#primaryimage\"},\"thumbnailUrl\":\"https:\\\/\\\/jelproducts.nl\\\/wp-content\\\/uploads\\\/2022\\\/06\\\/SEO-_-Algemeen-JEL-Products.png\",\"datePublished\":\"2022-04-08T10:30:17+00:00\",\"dateModified\":\"2025-04-25T08:38:51+00:00\",\"description\":\"Lees voor het gebruik van onze site onze disclaimer zodat u op de hoogte bent van alle informatie aangaande uw bezoek.\",\"breadcrumb\":{\"@id\":\"https:\\\/\\\/jelproducts.nl\\\/en\\\/disclaimer\\\/#breadcrumb\"},\"inLanguage\":\"de\",\"potentialAction\":[{\"@type\":\"ReadAction\",\"target\":[\"https:\\\/\\\/jelproducts.nl\\\/en\\\/disclaimer\\\/\"]}]},{\"@type\":\"ImageObject\",\"inLanguage\":\"de\",\"@id\":\"https:\\\/\\\/jelproducts.nl\\\/en\\\/disclaimer\\\/#primaryimage\",\"url\":\"https:\\\/\\\/jelproducts.nl\\\/wp-content\\\/uploads\\\/2022\\\/06\\\/SEO-_-Algemeen-JEL-Products.png\",\"contentUrl\":\"https:\\\/\\\/jelproducts.nl\\\/wp-content\\\/uploads\\\/2022\\\/06\\\/SEO-_-Algemeen-JEL-Products.png\",\"width\":1000,\"height\":1000,\"caption\":\"SEO _ Algemeen JEL Products\"},{\"@type\":\"BreadcrumbList\",\"@id\":\"https:\\\/\\\/jelproducts.nl\\\/en\\\/disclaimer\\\/#breadcrumb\",\"itemListElement\":[{\"@type\":\"ListItem\",\"position\":1,\"name\":\"Home\",\"item\":\"https:\\\/\\\/jelproducts.nl\\\/\"},{\"@type\":\"ListItem\",\"position\":2,\"name\":\"Disclaimer\"}]},{\"@type\":\"WebSite\",\"@id\":\"https:\\\/\\\/jelproducts.nl\\\/en\\\/#website\",\"url\":\"https:\\\/\\\/jelproducts.nl\\\/en\\\/\",\"name\":\"JEL Products\",\"description\":\"Verlichting voor extreme omstandigheden\",\"publisher\":{\"@id\":\"https:\\\/\\\/jelproducts.nl\\\/en\\\/#organization\"},\"potentialAction\":[{\"@type\":\"SearchAction\",\"target\":{\"@type\":\"EntryPoint\",\"urlTemplate\":\"https:\\\/\\\/jelproducts.nl\\\/en\\\/?s={search_term_string}\"},\"query-input\":{\"@type\":\"PropertyValueSpecification\",\"valueRequired\":true,\"valueName\":\"search_term_string\"}}],\"inLanguage\":\"de\"},{\"@type\":\"Organization\",\"@id\":\"https:\\\/\\\/jelproducts.nl\\\/en\\\/#organization\",\"name\":\"JEL Products\",\"url\":\"https:\\\/\\\/jelproducts.nl\\\/en\\\/\",\"logo\":{\"@type\":\"ImageObject\",\"inLanguage\":\"de\",\"@id\":\"https:\\\/\\\/jelproducts.nl\\\/en\\\/#\\\/schema\\\/logo\\\/image\\\/\",\"url\":\"https:\\\/\\\/jelproducts.nl\\\/wp-content\\\/uploads\\\/2022\\\/05\\\/JEL-Products-2024-jpg.webp\",\"contentUrl\":\"https:\\\/\\\/jelproducts.nl\\\/wp-content\\\/uploads\\\/2022\\\/05\\\/JEL-Products-2024-jpg.webp\",\"width\":2520,\"height\":694,\"caption\":\"JEL Products\"},\"image\":{\"@id\":\"https:\\\/\\\/jelproducts.nl\\\/en\\\/#\\\/schema\\\/logo\\\/image\\\/\"},\"sameAs\":[\"https:\\\/\\\/www.linkedin.com\\\/company\\\/jelproducts\\\/\"],\"description\":\"At JEL Products, we provide specialised and sustainable lighting solutions in industrial niche markets. As a service- and quality-oriented company, we specialise in providing thoughtful lighting solutions. Our customer-oriented approach and total solutions set us apart. We serve heavy industry worldwide, such as mining, vertical transport, offshore, ports, construction and infrastructure. We are proud to introduce our advanced DCbright and Dark Licht luminaires that meet stringent DarkSky requirements for light pollution. Together, we strive for a greener and safer future for all. Discover our innovative approach on the website and maximise sustainability and safety in your organisation together with our light!\",\"email\":\"info@jelproducts.nl\",\"telephone\":\"+31337859809\",\"legalName\":\"JEL Products\",\"foundingDate\":\"2019-11-01\",\"vatID\":\"NL860581974B01\",\"taxID\":\"76305317\",\"numberOfEmployees\":{\"@type\":\"QuantitativeValue\",\"minValue\":\"1\",\"maxValue\":\"10\"},\"publishingPrinciples\":\"https:\\\/\\\/jelproducts.nl\\\/nl\\\/onze-keurmerken\\\/\",\"actionableFeedbackPolicy\":\"https:\\\/\\\/jelproducts.nl\\\/en\\\/privacy\\\/\",\"correctionsPolicy\":\"https:\\\/\\\/jelproducts.nl\\\/en\\\/disclaimer\\\/\",\"ethicsPolicy\":\"https:\\\/\\\/jelproducts.nl\\\/en\\\/disclaimer\\\/\",\"diversityPolicy\":\"https:\\\/\\\/jelproducts.nl\\\/nl\\\/onze-keurmerken\\\/\",\"diversityStaffingReport\":\"https:\\\/\\\/jelproducts.nl\\\/en\\\/disclaimer\\\/\"}]}<\/script>\n<!-- \/ Yoast SEO Premium plugin. -->","yoast_head_json":{"title":"Haftungsausschluss","description":"Bitte lesen Sie unseren Haftungsausschluss, bevor Sie unsere Website nutzen, damit Sie sich \u00fcber alle Informationen zu Ihrem Besuch bewusst sind.","robots":{"index":"index","follow":"follow","max-snippet":"max-snippet:-1","max-image-preview":"max-image-preview:large","max-video-preview":"max-video-preview:-1"},"canonical":"https:\/\/jelproducts.nl\/de\/haftungsausschluss\/","og_locale":"de_DE","og_type":"article","og_title":"Disclaimer","og_description":"Lees voor het gebruik van onze site onze disclaimer zodat u op de hoogte bent van alle informatie aangaande uw bezoek.","og_url":"https:\/\/jelproducts.nl\/de\/haftungsausschluss\/","og_site_name":"JEL Products","article_modified_time":"2025-04-25T08:38:51+00:00","og_image":[{"width":1000,"height":1000,"url":"https:\/\/jelproducts.nl\/wp-content\/uploads\/2022\/06\/SEO-_-Algemeen-JEL-Products.png","type":"image\/png"}],"twitter_card":"summary_large_image","twitter_misc":{"Gesch\u00e4tzte Lesezeit":"2\u00a0Minuten"},"schema":{"@context":"https:\/\/schema.org","@graph":[{"@type":"WebPage","@id":"https:\/\/jelproducts.nl\/en\/disclaimer\/","url":"https:\/\/jelproducts.nl\/en\/disclaimer\/","name":"Haftungsausschluss","isPartOf":{"@id":"https:\/\/jelproducts.nl\/en\/#website"},"primaryImageOfPage":{"@id":"https:\/\/jelproducts.nl\/en\/disclaimer\/#primaryimage"},"image":{"@id":"https:\/\/jelproducts.nl\/en\/disclaimer\/#primaryimage"},"thumbnailUrl":"https:\/\/jelproducts.nl\/wp-content\/uploads\/2022\/06\/SEO-_-Algemeen-JEL-Products.png","datePublished":"2022-04-08T10:30:17+00:00","dateModified":"2025-04-25T08:38:51+00:00","description":"Bitte lesen Sie unseren Haftungsausschluss, bevor Sie unsere Website nutzen, damit Sie sich \u00fcber alle Informationen zu Ihrem Besuch bewusst sind.","breadcrumb":{"@id":"https:\/\/jelproducts.nl\/en\/disclaimer\/#breadcrumb"},"inLanguage":"de","potentialAction":[{"@type":"ReadAction","target":["https:\/\/jelproducts.nl\/en\/disclaimer\/"]}]},{"@type":"ImageObject","inLanguage":"de","@id":"https:\/\/jelproducts.nl\/en\/disclaimer\/#primaryimage","url":"https:\/\/jelproducts.nl\/wp-content\/uploads\/2022\/06\/SEO-_-Algemeen-JEL-Products.png","contentUrl":"https:\/\/jelproducts.nl\/wp-content\/uploads\/2022\/06\/SEO-_-Algemeen-JEL-Products.png","width":1000,"height":1000,"caption":"SEO _ Algemeen JEL Products"},{"@type":"BreadcrumbList","@id":"https:\/\/jelproducts.nl\/en\/disclaimer\/#breadcrumb","itemListElement":[{"@type":"ListItem","position":1,"name":"Home","item":"https:\/\/jelproducts.nl\/"},{"@type":"ListItem","position":2,"name":"Disclaimer"}]},{"@type":"WebSite","@id":"https:\/\/jelproducts.nl\/en\/#website","url":"https:\/\/jelproducts.nl\/en\/","name":"JEL-Produkte","description":"Beleuchtung f\u00fcr extreme Bedingungen","publisher":{"@id":"https:\/\/jelproducts.nl\/en\/#organization"},"potentialAction":[{"@type":"SearchAction","target":{"@type":"EntryPoint","urlTemplate":"https:\/\/jelproducts.nl\/en\/?s={search_term_string}"},"query-input":{"@type":"PropertyValueSpecification","valueRequired":true,"valueName":"search_term_string"}}],"inLanguage":"de"},{"@type":"Organization","@id":"https:\/\/jelproducts.nl\/en\/#organization","name":"JEL-Produkte","url":"https:\/\/jelproducts.nl\/en\/","logo":{"@type":"ImageObject","inLanguage":"de","@id":"https:\/\/jelproducts.nl\/en\/#\/schema\/logo\/image\/","url":"https:\/\/jelproducts.nl\/wp-content\/uploads\/2022\/05\/JEL-Products-2024-jpg.webp","contentUrl":"https:\/\/jelproducts.nl\/wp-content\/uploads\/2022\/05\/JEL-Products-2024-jpg.webp","width":2520,"height":694,"caption":"JEL Products"},"image":{"@id":"https:\/\/jelproducts.nl\/en\/#\/schema\/logo\/image\/"},"sameAs":["https:\/\/www.linkedin.com\/company\/jelproducts\/"],"description":"Bei JEL Products bieten wir spezialisierte und nachhaltige Beleuchtungsl\u00f6sungen f\u00fcr industrielle Nischenm\u00e4rkte. Als service- und qualit\u00e4tsorientiertes Unternehmen sind wir darauf spezialisiert, durchdachte Beleuchtungsl\u00f6sungen anzubieten. Unser kundenorientierter Ansatz und unsere Gesamtl\u00f6sungen zeichnen uns aus. Wir beliefern weltweit die Schwerindustrie, wie Bergbau, Vertikaltransport, Offshore, H\u00e4fen, Bau und Infrastruktur. Wir sind stolz darauf, unsere fortschrittlichen DCbright- und Dark Licht-Leuchten vorzustellen, die die strengen DarkSky-Anforderungen in Bezug auf Lichtverschmutzung erf\u00fcllen. Gemeinsam streben wir nach einer gr\u00fcneren und sichereren Zukunft f\u00fcr alle. Entdecken Sie unseren innovativen Ansatz auf der Website und maximieren Sie gemeinsam mit unserem Licht die Nachhaltigkeit und Sicherheit in Ihrem Unternehmen!","email":"info@jelproducts.nl","telephone":"+31337859809","legalName":"JEL Products","foundingDate":"2019-11-01","vatID":"NL860581974B01","taxID":"76305317","numberOfEmployees":{"@type":"QuantitativeValue","minValue":"1","maxValue":"10"},"publishingPrinciples":"https:\/\/jelproducts.nl\/nl\/onze-keurmerken\/","actionableFeedbackPolicy":"https:\/\/jelproducts.nl\/en\/privacy\/","correctionsPolicy":"https:\/\/jelproducts.nl\/en\/disclaimer\/","ethicsPolicy":"https:\/\/jelproducts.nl\/en\/disclaimer\/","diversityPolicy":"https:\/\/jelproducts.nl\/nl\/onze-keurmerken\/","diversityStaffingReport":"https:\/\/jelproducts.nl\/en\/disclaimer\/"}]}},"_links":{"self":[{"href":"https:\/\/jelproducts.nl\/de\/wp-json\/wp\/v2\/pages\/12212","targetHints":{"allow":["GET"]}}],"collection":[{"href":"https:\/\/jelproducts.nl\/de\/wp-json\/wp\/v2\/pages"}],"about":[{"href":"https:\/\/jelproducts.nl\/de\/wp-json\/wp\/v2\/types\/page"}],"author":[{"embeddable":true,"href":"https:\/\/jelproducts.nl\/de\/wp-json\/wp\/v2\/users\/1"}],"replies":[{"embeddable":true,"href":"https:\/\/jelproducts.nl\/de\/wp-json\/wp\/v2\/comments?post=12212"}],"version-history":[{"count":4,"href":"https:\/\/jelproducts.nl\/de\/wp-json\/wp\/v2\/pages\/12212\/revisions"}],"predecessor-version":[{"id":30510,"href":"https:\/\/jelproducts.nl\/de\/wp-json\/wp\/v2\/pages\/12212\/revisions\/30510"}],"wp:featuredmedia":[{"embeddable":true,"href":"https:\/\/jelproducts.nl\/de\/wp-json\/wp\/v2\/media\/14185"}],"wp:attachment":[{"href":"https:\/\/jelproducts.nl\/de\/wp-json\/wp\/v2\/media?parent=12212"}],"curies":[{"name":"wp","href":"https:\/\/api.w.org\/{rel}","templated":true}]}}