{"id":191,"date":"2019-11-07T18:46:56","date_gmt":"2019-11-07T18:46:56","guid":{"rendered":"https:\/\/jelproducts.nl\/?page_id=191"},"modified":"2025-01-29T21:04:52","modified_gmt":"2025-01-29T20:04:52","slug":"datenschutz","status":"publish","type":"page","link":"https:\/\/jelproducts.nl\/de\/privacy\/","title":{"rendered":"Datenschutz"},"content":{"rendered":"<div data-elementor-type=\"wp-page\" data-elementor-id=\"191\" class=\"elementor elementor-191\" data-elementor-post-type=\"page\">\n\t\t\t\t<div class=\"elementor-element elementor-element-5372bc9 e-flex e-con-boxed e-con e-parent\" data-id=\"5372bc9\" data-element_type=\"container\" data-e-type=\"container\">\n\t\t\t\t\t<div class=\"e-con-inner\">\n\t\t\t\t<div class=\"elementor-element elementor-element-80b3e91 elementor-widget elementor-widget-heading\" data-id=\"80b3e91\" data-element_type=\"widget\" data-e-type=\"widget\" data-widget_type=\"heading.default\">\n\t\t\t\t<div class=\"elementor-widget-container\">\n\t\t\t\t\t<h1 class=\"elementor-heading-title elementor-size-default\">Datenschutz<\/h1>\t\t\t\t<\/div>\n\t\t\t\t<\/div>\n\t\t\t\t\t<\/div>\n\t\t\t\t<\/div>\n\t\t\t\t<section class=\"elementor-section elementor-top-section elementor-element elementor-element-476b7ac elementor-section-boxed elementor-section-height-default elementor-section-height-default\" data-id=\"476b7ac\" data-element_type=\"section\" data-e-type=\"section\">\n\t\t\t\t\t\t<div class=\"elementor-container elementor-column-gap-default\">\n\t\t\t\t\t<div class=\"elementor-column elementor-col-100 elementor-top-column elementor-element elementor-element-81bdcc9\" data-id=\"81bdcc9\" data-element_type=\"column\" data-e-type=\"column\">\n\t\t\t<div class=\"elementor-widget-wrap elementor-element-populated\">\n\t\t\t\t\t\t<div class=\"elementor-element elementor-element-cebba7c elementor-align-center elementor-widget elementor-widget-breadcrumbs\" data-id=\"cebba7c\" data-element_type=\"widget\" data-e-type=\"widget\" data-widget_type=\"breadcrumbs.default\">\n\t\t\t\t<div class=\"elementor-widget-container\">\n\t\t\t\t\t<p id=\"breadcrumbs\"><span><span><a href=\"https:\/\/jelproducts.nl\/\">Startseite<\/a><\/span><\/span><\/p>\t\t\t\t<\/div>\n\t\t\t\t<\/div>\n\t\t\t\t\t<\/div>\n\t\t<\/div>\n\t\t\t\t\t<\/div>\n\t\t<\/section>\n\t\t\t\t<section class=\"elementor-section elementor-top-section elementor-element elementor-element-7e95096 elementor-section-boxed elementor-section-height-default elementor-section-height-default\" data-id=\"7e95096\" data-element_type=\"section\" data-e-type=\"section\">\n\t\t\t\t\t\t<div class=\"elementor-container elementor-column-gap-default\">\n\t\t\t\t\t<div class=\"elementor-column elementor-col-100 elementor-top-column elementor-element elementor-element-3b2c1d1\" data-id=\"3b2c1d1\" data-element_type=\"column\" data-e-type=\"column\">\n\t\t\t<div class=\"elementor-widget-wrap elementor-element-populated\">\n\t\t\t\t\t\t<div class=\"elementor-element elementor-element-16e5dd8 elementor-widget__width-initial elementor-widget elementor-widget-text-editor\" data-id=\"16e5dd8\" data-element_type=\"widget\" data-e-type=\"widget\" data-widget_type=\"text-editor.default\">\n\t\t\t\t<div class=\"elementor-widget-container\">\n\t\t\t\t\t\t\t\t\t<p><b>Kontaktinformationen:<br><\/b>JEL Products B.V.<br>Amp\u00e8restraat 19E, 3861 NC Nijkerk<\/p>\n<p>Mit dem Inkrafttreten der Allgemeinen Datenschutzverordnung (AVG) am 25. Mai 2018 legen wir bei JEL Products B.V. gro\u00dfen Wert auf den Schutz Ihrer pers\u00f6nlichen Daten und Ihrer Privatsph\u00e4re. Mit dieser Datenschutzerkl\u00e4rung informieren wir Sie dar\u00fcber, wie wir Ihre Daten verarbeiten, speichern und sch\u00fctzen.<\/p>\n<p><b>Warum verarbeiten wir Ihre pers\u00f6nlichen Daten?<br><\/b>JEL Products B.V. verarbeitet Ihre pers\u00f6nlichen Daten, um effektiv mit Ihnen zu kommunizieren und Gesch\u00e4fte zu t\u00e4tigen. Dies erm\u00f6glicht uns, unsere Dienstleistungen f\u00fcr Sie zu optimieren.<\/p>\n<p><b>Aufbewahrungsfrist f\u00fcr Ihre Daten<br><\/b>Ihre pers\u00f6nlichen Daten werden von JEL Products B.V. so lange aufbewahrt, wie es f\u00fcr die Aufrechterhaltung unserer Gesch\u00e4ftsbeziehung und die Erf\u00fcllung unserer gesetzlichen Verpflichtungen unbedingt erforderlich ist.<\/p>\n<p><b>Teilen Sie Ihre Daten<br><\/b>Ihre Daten werden nur dann an Dritte weitergegeben, wenn dies f\u00fcr die Erf\u00fcllung unserer Vereinbarung mit Ihnen oder zur Erf\u00fcllung einer gesetzlichen Verpflichtung erforderlich ist.<\/p>\n<p><b>Analyse des Website-Verkehrs<br><\/b>Wir sammeln allgemeine Besucherdaten auf unserer Website mit Google Analytics. Diese Daten helfen uns, Ihr Benutzererlebnis zu verbessern. Soweit m\u00f6glich, werden diese Informationen anonymisiert und nicht an Dritte weitergegeben, es sei denn, Google ist gesetzlich dazu verpflichtet oder die Daten werden im Auftrag von Google verarbeitet. JEL Products B.V. hat keinen Einfluss auf diese Verarbeitung durch Google.<\/p>\n<p><b>Ihre Rechte<br><\/b>Sie haben das Recht, Ihre pers\u00f6nlichen Daten einzusehen, zu korrigieren oder zu l\u00f6schen. Anfragen sollten gerichtet werden an <a href=\"mailto:lucas@jelproducts.nl\">lucas@jelproducts.nl<\/a>. Wir bem\u00fchen uns, Ihre Anfrage innerhalb von vier Wochen zu beantworten.<\/p>\n<p><b>Sicherheit Ihrer Daten<br><\/b>Wir nehmen Ihre Privatsph\u00e4re ernst und haben angemessene technische und organisatorische Ma\u00dfnahmen ergriffen, um Ihre Daten vor unrechtm\u00e4\u00dfiger Verarbeitung zu sch\u00fctzen.<\/p>\n<p><b>\u00c4nderungen an dieser Datenschutzerkl\u00e4rung<br><\/b>Unsere Datenschutzpraktiken k\u00f6nnen sich \u00e4ndern und damit auch diese Erkl\u00e4rung zum Datenschutz. Wir empfehlen Ihnen daher, diese Erkl\u00e4rung regelm\u00e4\u00dfig zu lesen. Das letzte \u00c4nderungsdatum finden Sie am Ende dieses Dokuments.<\/p>\n<p>Dieser Datenschutzhinweis wurde zuletzt am 24. Mai 2018 ge\u00e4ndert.<\/p>\t\t\t\t\t\t\t\t<\/div>\n\t\t\t\t<\/div>\n\t\t\t\t\t<\/div>\n\t\t<\/div>\n\t\t\t\t\t<\/div>\n\t\t<\/section>\n\t\t\t\t<\/div>","protected":false},"excerpt":{"rendered":"<p>Privacy Contactgegevens:JEL Products B.V.Amp\u00e8restraat 19E, 3861 NC Nijkerk Met de inwerkingtreding van de Algemene Verordening Gegevensbescherming (AVG) op 25 mei 2018, hechten we bij JEL Products B.V. groot belang aan de bescherming van uw persoonsgegevens en privacy. Via deze privacyverklaring informeren wij u over hoe we uw gegevens verwerken, bewaren en beschermen. Waarom verwerken wij [&hellip;]<\/p>\n","protected":false},"author":1,"featured_media":14209,"parent":0,"menu_order":0,"comment_status":"closed","ping_status":"closed","template":"elementor_header_footer","meta":{"footnotes":""},"class_list":["post-191","page","type-page","status-publish","has-post-thumbnail","hentry"],"yoast_head":"<!-- This site is optimized with the Yoast SEO Premium plugin v27.2 (Yoast SEO v27.3) - https:\/\/yoast.com\/product\/yoast-seo-premium-wordpress\/ -->\n<title>Privacy<\/title>\n<meta name=\"description\" content=\"Privacy Statement Contactgegevens JEL Products. Benieuwd hoe wij bij JEL Products omgaan met uw gegevens? Lees meer in onze Privacy Statement.\" \/>\n<meta name=\"robots\" content=\"index, follow, max-snippet:-1, max-image-preview:large, max-video-preview:-1\" \/>\n<link rel=\"canonical\" href=\"https:\/\/jelproducts.nl\/de\/datenschutz\/\" \/>\n<meta property=\"og:locale\" content=\"de_DE\" \/>\n<meta property=\"og:type\" content=\"article\" \/>\n<meta property=\"og:title\" content=\"Privacy\" \/>\n<meta property=\"og:description\" content=\"Privacy Statement Contactgegevens JEL Products. Benieuwd hoe wij bij JEL Products omgaan met uw gegevens? Lees meer in onze Privacy Statement.\" \/>\n<meta property=\"og:url\" content=\"https:\/\/jelproducts.nl\/de\/datenschutz\/\" \/>\n<meta property=\"og:site_name\" content=\"JEL Products\" \/>\n<meta property=\"article:modified_time\" content=\"2025-01-29T20:04:52+00:00\" \/>\n<meta property=\"og:image\" content=\"https:\/\/jelproducts.nl\/wp-content\/uploads\/2022\/06\/SEO-_-JEL-Products.png\" \/>\n\t<meta property=\"og:image:width\" content=\"1000\" \/>\n\t<meta property=\"og:image:height\" content=\"1000\" \/>\n\t<meta property=\"og:image:type\" content=\"image\/png\" \/>\n<meta name=\"twitter:card\" content=\"summary_large_image\" \/>\n<meta name=\"twitter:label1\" content=\"Gesch\u00e4tzte Lesezeit\" \/>\n\t<meta name=\"twitter:data1\" content=\"2\u00a0Minuten\" \/>\n<script type=\"application\/ld+json\" class=\"yoast-schema-graph\">{\"@context\":\"https:\\\/\\\/schema.org\",\"@graph\":[{\"@type\":\"WebPage\",\"@id\":\"https:\\\/\\\/jelproducts.nl\\\/en\\\/privacy\\\/\",\"url\":\"https:\\\/\\\/jelproducts.nl\\\/en\\\/privacy\\\/\",\"name\":\"Privacy\",\"isPartOf\":{\"@id\":\"https:\\\/\\\/jelproducts.nl\\\/en\\\/#website\"},\"primaryImageOfPage\":{\"@id\":\"https:\\\/\\\/jelproducts.nl\\\/en\\\/privacy\\\/#primaryimage\"},\"image\":{\"@id\":\"https:\\\/\\\/jelproducts.nl\\\/en\\\/privacy\\\/#primaryimage\"},\"thumbnailUrl\":\"https:\\\/\\\/jelproducts.nl\\\/wp-content\\\/uploads\\\/2022\\\/06\\\/SEO-_-JEL-Products.png\",\"datePublished\":\"2019-11-07T18:46:56+00:00\",\"dateModified\":\"2025-01-29T20:04:52+00:00\",\"description\":\"Privacy Statement Contactgegevens JEL Products. Benieuwd hoe wij bij JEL Products omgaan met uw gegevens? Lees meer in onze Privacy Statement.\",\"breadcrumb\":{\"@id\":\"https:\\\/\\\/jelproducts.nl\\\/en\\\/privacy\\\/#breadcrumb\"},\"inLanguage\":\"de\",\"potentialAction\":[{\"@type\":\"ReadAction\",\"target\":[\"https:\\\/\\\/jelproducts.nl\\\/en\\\/privacy\\\/\"]}]},{\"@type\":\"ImageObject\",\"inLanguage\":\"de\",\"@id\":\"https:\\\/\\\/jelproducts.nl\\\/en\\\/privacy\\\/#primaryimage\",\"url\":\"https:\\\/\\\/jelproducts.nl\\\/wp-content\\\/uploads\\\/2022\\\/06\\\/SEO-_-JEL-Products.png\",\"contentUrl\":\"https:\\\/\\\/jelproducts.nl\\\/wp-content\\\/uploads\\\/2022\\\/06\\\/SEO-_-JEL-Products.png\",\"width\":1000,\"height\":1000,\"caption\":\"SEO _ JEL Products\"},{\"@type\":\"BreadcrumbList\",\"@id\":\"https:\\\/\\\/jelproducts.nl\\\/en\\\/privacy\\\/#breadcrumb\",\"itemListElement\":[{\"@type\":\"ListItem\",\"position\":1,\"name\":\"Home\",\"item\":\"https:\\\/\\\/jelproducts.nl\\\/\"},{\"@type\":\"ListItem\",\"position\":2,\"name\":\"Privacy\"}]},{\"@type\":\"WebSite\",\"@id\":\"https:\\\/\\\/jelproducts.nl\\\/en\\\/#website\",\"url\":\"https:\\\/\\\/jelproducts.nl\\\/en\\\/\",\"name\":\"JEL Products\",\"description\":\"Verlichting voor extreme omstandigheden\",\"publisher\":{\"@id\":\"https:\\\/\\\/jelproducts.nl\\\/en\\\/#organization\"},\"potentialAction\":[{\"@type\":\"SearchAction\",\"target\":{\"@type\":\"EntryPoint\",\"urlTemplate\":\"https:\\\/\\\/jelproducts.nl\\\/en\\\/?s={search_term_string}\"},\"query-input\":{\"@type\":\"PropertyValueSpecification\",\"valueRequired\":true,\"valueName\":\"search_term_string\"}}],\"inLanguage\":\"de\"},{\"@type\":\"Organization\",\"@id\":\"https:\\\/\\\/jelproducts.nl\\\/en\\\/#organization\",\"name\":\"JEL Products\",\"url\":\"https:\\\/\\\/jelproducts.nl\\\/en\\\/\",\"logo\":{\"@type\":\"ImageObject\",\"inLanguage\":\"de\",\"@id\":\"https:\\\/\\\/jelproducts.nl\\\/en\\\/#\\\/schema\\\/logo\\\/image\\\/\",\"url\":\"https:\\\/\\\/jelproducts.nl\\\/wp-content\\\/uploads\\\/2022\\\/05\\\/JEL-Products-2024-jpg.webp\",\"contentUrl\":\"https:\\\/\\\/jelproducts.nl\\\/wp-content\\\/uploads\\\/2022\\\/05\\\/JEL-Products-2024-jpg.webp\",\"width\":2520,\"height\":694,\"caption\":\"JEL Products\"},\"image\":{\"@id\":\"https:\\\/\\\/jelproducts.nl\\\/en\\\/#\\\/schema\\\/logo\\\/image\\\/\"},\"sameAs\":[\"https:\\\/\\\/www.linkedin.com\\\/company\\\/jelproducts\\\/\"],\"description\":\"At JEL Products, we provide specialised and sustainable lighting solutions in industrial niche markets. As a service- and quality-oriented company, we specialise in providing thoughtful lighting solutions. Our customer-oriented approach and total solutions set us apart. We serve heavy industry worldwide, such as mining, vertical transport, offshore, ports, construction and infrastructure. We are proud to introduce our advanced DCbright and Dark Licht luminaires that meet stringent DarkSky requirements for light pollution. Together, we strive for a greener and safer future for all. Discover our innovative approach on the website and maximise sustainability and safety in your organisation together with our light!\",\"email\":\"info@jelproducts.nl\",\"telephone\":\"+31337859809\",\"legalName\":\"JEL Products\",\"foundingDate\":\"2019-11-01\",\"vatID\":\"NL860581974B01\",\"taxID\":\"76305317\",\"numberOfEmployees\":{\"@type\":\"QuantitativeValue\",\"minValue\":\"1\",\"maxValue\":\"10\"},\"publishingPrinciples\":\"https:\\\/\\\/jelproducts.nl\\\/nl\\\/onze-keurmerken\\\/\",\"actionableFeedbackPolicy\":\"https:\\\/\\\/jelproducts.nl\\\/en\\\/privacy\\\/\",\"correctionsPolicy\":\"https:\\\/\\\/jelproducts.nl\\\/en\\\/disclaimer\\\/\",\"ethicsPolicy\":\"https:\\\/\\\/jelproducts.nl\\\/en\\\/disclaimer\\\/\",\"diversityPolicy\":\"https:\\\/\\\/jelproducts.nl\\\/nl\\\/onze-keurmerken\\\/\",\"diversityStaffingReport\":\"https:\\\/\\\/jelproducts.nl\\\/en\\\/disclaimer\\\/\"}]}<\/script>\n<!-- \/ Yoast SEO Premium plugin. -->","yoast_head_json":{"title":"Datenschutz","description":"Datenschutzerkl\u00e4rung Kontaktinformationen JEL Products. Sie fragen sich, wie wir bei JEL Products mit Ihren Daten umgehen? Lesen Sie mehr in unserer Erkl\u00e4rung zum Datenschutz.","robots":{"index":"index","follow":"follow","max-snippet":"max-snippet:-1","max-image-preview":"max-image-preview:large","max-video-preview":"max-video-preview:-1"},"canonical":"https:\/\/jelproducts.nl\/de\/datenschutz\/","og_locale":"de_DE","og_type":"article","og_title":"Privacy","og_description":"Privacy Statement Contactgegevens JEL Products. Benieuwd hoe wij bij JEL Products omgaan met uw gegevens? Lees meer in onze Privacy Statement.","og_url":"https:\/\/jelproducts.nl\/de\/datenschutz\/","og_site_name":"JEL Products","article_modified_time":"2025-01-29T20:04:52+00:00","og_image":[{"width":1000,"height":1000,"url":"https:\/\/jelproducts.nl\/wp-content\/uploads\/2022\/06\/SEO-_-JEL-Products.png","type":"image\/png"}],"twitter_card":"summary_large_image","twitter_misc":{"Gesch\u00e4tzte Lesezeit":"2\u00a0Minuten"},"schema":{"@context":"https:\/\/schema.org","@graph":[{"@type":"WebPage","@id":"https:\/\/jelproducts.nl\/en\/privacy\/","url":"https:\/\/jelproducts.nl\/en\/privacy\/","name":"Datenschutz","isPartOf":{"@id":"https:\/\/jelproducts.nl\/en\/#website"},"primaryImageOfPage":{"@id":"https:\/\/jelproducts.nl\/en\/privacy\/#primaryimage"},"image":{"@id":"https:\/\/jelproducts.nl\/en\/privacy\/#primaryimage"},"thumbnailUrl":"https:\/\/jelproducts.nl\/wp-content\/uploads\/2022\/06\/SEO-_-JEL-Products.png","datePublished":"2019-11-07T18:46:56+00:00","dateModified":"2025-01-29T20:04:52+00:00","description":"Datenschutzerkl\u00e4rung Kontaktinformationen JEL Products. Sie fragen sich, wie wir bei JEL Products mit Ihren Daten umgehen? Lesen Sie mehr in unserer Erkl\u00e4rung zum Datenschutz.","breadcrumb":{"@id":"https:\/\/jelproducts.nl\/en\/privacy\/#breadcrumb"},"inLanguage":"de","potentialAction":[{"@type":"ReadAction","target":["https:\/\/jelproducts.nl\/en\/privacy\/"]}]},{"@type":"ImageObject","inLanguage":"de","@id":"https:\/\/jelproducts.nl\/en\/privacy\/#primaryimage","url":"https:\/\/jelproducts.nl\/wp-content\/uploads\/2022\/06\/SEO-_-JEL-Products.png","contentUrl":"https:\/\/jelproducts.nl\/wp-content\/uploads\/2022\/06\/SEO-_-JEL-Products.png","width":1000,"height":1000,"caption":"SEO _ JEL Products"},{"@type":"BreadcrumbList","@id":"https:\/\/jelproducts.nl\/en\/privacy\/#breadcrumb","itemListElement":[{"@type":"ListItem","position":1,"name":"Home","item":"https:\/\/jelproducts.nl\/"},{"@type":"ListItem","position":2,"name":"Privacy"}]},{"@type":"WebSite","@id":"https:\/\/jelproducts.nl\/en\/#website","url":"https:\/\/jelproducts.nl\/en\/","name":"JEL-Produkte","description":"Beleuchtung f\u00fcr extreme Bedingungen","publisher":{"@id":"https:\/\/jelproducts.nl\/en\/#organization"},"potentialAction":[{"@type":"SearchAction","target":{"@type":"EntryPoint","urlTemplate":"https:\/\/jelproducts.nl\/en\/?s={search_term_string}"},"query-input":{"@type":"PropertyValueSpecification","valueRequired":true,"valueName":"search_term_string"}}],"inLanguage":"de"},{"@type":"Organization","@id":"https:\/\/jelproducts.nl\/en\/#organization","name":"JEL-Produkte","url":"https:\/\/jelproducts.nl\/en\/","logo":{"@type":"ImageObject","inLanguage":"de","@id":"https:\/\/jelproducts.nl\/en\/#\/schema\/logo\/image\/","url":"https:\/\/jelproducts.nl\/wp-content\/uploads\/2022\/05\/JEL-Products-2024-jpg.webp","contentUrl":"https:\/\/jelproducts.nl\/wp-content\/uploads\/2022\/05\/JEL-Products-2024-jpg.webp","width":2520,"height":694,"caption":"JEL Products"},"image":{"@id":"https:\/\/jelproducts.nl\/en\/#\/schema\/logo\/image\/"},"sameAs":["https:\/\/www.linkedin.com\/company\/jelproducts\/"],"description":"Bei JEL Products bieten wir spezialisierte und nachhaltige Beleuchtungsl\u00f6sungen f\u00fcr industrielle Nischenm\u00e4rkte. Als service- und qualit\u00e4tsorientiertes Unternehmen sind wir darauf spezialisiert, durchdachte Beleuchtungsl\u00f6sungen anzubieten. Unser kundenorientierter Ansatz und unsere Gesamtl\u00f6sungen zeichnen uns aus. Wir beliefern weltweit die Schwerindustrie, wie Bergbau, Vertikaltransport, Offshore, H\u00e4fen, Bau und Infrastruktur. Wir sind stolz darauf, unsere fortschrittlichen DCbright- und Dark Licht-Leuchten vorzustellen, die die strengen DarkSky-Anforderungen in Bezug auf Lichtverschmutzung erf\u00fcllen. Gemeinsam streben wir nach einer gr\u00fcneren und sichereren Zukunft f\u00fcr alle. Entdecken Sie unseren innovativen Ansatz auf der Website und maximieren Sie gemeinsam mit unserem Licht die Nachhaltigkeit und Sicherheit in Ihrem Unternehmen!","email":"info@jelproducts.nl","telephone":"+31337859809","legalName":"JEL Products","foundingDate":"2019-11-01","vatID":"NL860581974B01","taxID":"76305317","numberOfEmployees":{"@type":"QuantitativeValue","minValue":"1","maxValue":"10"},"publishingPrinciples":"https:\/\/jelproducts.nl\/nl\/onze-keurmerken\/","actionableFeedbackPolicy":"https:\/\/jelproducts.nl\/en\/privacy\/","correctionsPolicy":"https:\/\/jelproducts.nl\/en\/disclaimer\/","ethicsPolicy":"https:\/\/jelproducts.nl\/en\/disclaimer\/","diversityPolicy":"https:\/\/jelproducts.nl\/nl\/onze-keurmerken\/","diversityStaffingReport":"https:\/\/jelproducts.nl\/en\/disclaimer\/"}]}},"_links":{"self":[{"href":"https:\/\/jelproducts.nl\/de\/wp-json\/wp\/v2\/pages\/191","targetHints":{"allow":["GET"]}}],"collection":[{"href":"https:\/\/jelproducts.nl\/de\/wp-json\/wp\/v2\/pages"}],"about":[{"href":"https:\/\/jelproducts.nl\/de\/wp-json\/wp\/v2\/types\/page"}],"author":[{"embeddable":true,"href":"https:\/\/jelproducts.nl\/de\/wp-json\/wp\/v2\/users\/1"}],"replies":[{"embeddable":true,"href":"https:\/\/jelproducts.nl\/de\/wp-json\/wp\/v2\/comments?post=191"}],"version-history":[{"count":1,"href":"https:\/\/jelproducts.nl\/de\/wp-json\/wp\/v2\/pages\/191\/revisions"}],"predecessor-version":[{"id":29550,"href":"https:\/\/jelproducts.nl\/de\/wp-json\/wp\/v2\/pages\/191\/revisions\/29550"}],"wp:featuredmedia":[{"embeddable":true,"href":"https:\/\/jelproducts.nl\/de\/wp-json\/wp\/v2\/media\/14209"}],"wp:attachment":[{"href":"https:\/\/jelproducts.nl\/de\/wp-json\/wp\/v2\/media?parent=191"}],"curies":[{"name":"wp","href":"https:\/\/api.w.org\/{rel}","templated":true}]}}