{"id":30572,"date":"2025-06-30T15:59:40","date_gmt":"2025-06-30T14:59:40","guid":{"rendered":"https:\/\/jelproducts.nl\/?page_id=30572"},"modified":"2025-06-30T15:59:40","modified_gmt":"2025-06-30T14:59:40","slug":"spar-rechner","status":"publish","type":"page","link":"https:\/\/jelproducts.nl\/de\/besparingscalculator\/","title":{"rendered":"Ersparnis-Rechner"},"content":{"rendered":"","protected":false},"excerpt":{"rendered":"","protected":false},"author":1,"featured_media":0,"parent":0,"menu_order":0,"comment_status":"closed","ping_status":"closed","template":"","meta":{"footnotes":""},"class_list":["post-30572","page","type-page","status-publish","hentry"],"yoast_head":"<!-- This site is optimized with the Yoast SEO Premium plugin v27.4 (Yoast SEO v27.4) - https:\/\/yoast.com\/product\/yoast-seo-premium-wordpress\/ -->\n<title>Besparingscalculator | JEL Products<\/title>\n<meta name=\"description\" content=\"Op deze pagina gebruikt u gratis onze tool om direct en eenvoudig een besparingscalculatie uit te voeren. Bekijk onze besparingscalculator!\" \/>\n<meta name=\"robots\" content=\"index, follow, max-snippet:-1, max-image-preview:large, max-video-preview:-1\" \/>\n<link rel=\"canonical\" href=\"https:\/\/jelproducts.nl\/de\/spar-rechner\/\" \/>\n<meta property=\"og:locale\" content=\"de_DE\" \/>\n<meta property=\"og:type\" content=\"article\" \/>\n<meta property=\"og:title\" content=\"Besparingscalculator\" \/>\n<meta property=\"og:description\" content=\"Op deze pagina gebruikt u gratis onze tool om direct en eenvoudig een besparingscalculatie uit te voeren. Bekijk onze besparingscalculator!\" \/>\n<meta property=\"og:url\" content=\"https:\/\/jelproducts.nl\/de\/spar-rechner\/\" \/>\n<meta property=\"og:site_name\" content=\"JEL Products\" \/>\n<meta property=\"og:image\" content=\"https:\/\/jelproducts.nl\/wp-content\/uploads\/2023\/07\/JELdeel_-Pwit-scaled.webp\" \/>\n\t<meta property=\"og:image:width\" content=\"2560\" \/>\n\t<meta property=\"og:image:height\" content=\"1971\" \/>\n\t<meta property=\"og:image:type\" content=\"image\/jpeg\" \/>\n<meta name=\"twitter:card\" content=\"summary_large_image\" \/>\n<script type=\"application\/ld+json\" class=\"yoast-schema-graph\">{\"@context\":\"https:\\\/\\\/schema.org\",\"@graph\":[{\"@type\":\"WebPage\",\"@id\":\"https:\\\/\\\/jelproducts.nl\\\/en\\\/savings-calculator\\\/\",\"url\":\"https:\\\/\\\/jelproducts.nl\\\/en\\\/savings-calculator\\\/\",\"name\":\"Besparingscalculator | JEL Products\",\"isPartOf\":{\"@id\":\"https:\\\/\\\/jelproducts.nl\\\/en\\\/#website\"},\"datePublished\":\"2025-06-30T14:59:40+00:00\",\"description\":\"Op deze pagina gebruikt u gratis onze tool om direct en eenvoudig een besparingscalculatie uit te voeren. Bekijk onze besparingscalculator!\",\"breadcrumb\":{\"@id\":\"https:\\\/\\\/jelproducts.nl\\\/en\\\/savings-calculator\\\/#breadcrumb\"},\"inLanguage\":\"de\",\"potentialAction\":[{\"@type\":\"ReadAction\",\"target\":[\"https:\\\/\\\/jelproducts.nl\\\/en\\\/savings-calculator\\\/\"]}]},{\"@type\":\"BreadcrumbList\",\"@id\":\"https:\\\/\\\/jelproducts.nl\\\/en\\\/savings-calculator\\\/#breadcrumb\",\"itemListElement\":[{\"@type\":\"ListItem\",\"position\":1,\"name\":\"Home\",\"item\":\"https:\\\/\\\/jelproducts.nl\\\/\"},{\"@type\":\"ListItem\",\"position\":2,\"name\":\"Besparingscalculator\"}]},{\"@type\":\"WebSite\",\"@id\":\"https:\\\/\\\/jelproducts.nl\\\/en\\\/#website\",\"url\":\"https:\\\/\\\/jelproducts.nl\\\/en\\\/\",\"name\":\"JEL Products\",\"description\":\"Verlichting voor extreme omstandigheden\",\"publisher\":{\"@id\":\"https:\\\/\\\/jelproducts.nl\\\/en\\\/#organization\"},\"potentialAction\":[{\"@type\":\"SearchAction\",\"target\":{\"@type\":\"EntryPoint\",\"urlTemplate\":\"https:\\\/\\\/jelproducts.nl\\\/en\\\/?s={search_term_string}\"},\"query-input\":{\"@type\":\"PropertyValueSpecification\",\"valueRequired\":true,\"valueName\":\"search_term_string\"}}],\"inLanguage\":\"de\"},{\"@type\":\"Organization\",\"@id\":\"https:\\\/\\\/jelproducts.nl\\\/en\\\/#organization\",\"name\":\"JEL Products\",\"url\":\"https:\\\/\\\/jelproducts.nl\\\/en\\\/\",\"logo\":{\"@type\":\"ImageObject\",\"inLanguage\":\"de\",\"@id\":\"https:\\\/\\\/jelproducts.nl\\\/en\\\/#\\\/schema\\\/logo\\\/image\\\/\",\"url\":\"https:\\\/\\\/jelproducts.nl\\\/wp-content\\\/uploads\\\/2022\\\/05\\\/JEL-Products-2024-jpg.webp\",\"contentUrl\":\"https:\\\/\\\/jelproducts.nl\\\/wp-content\\\/uploads\\\/2022\\\/05\\\/JEL-Products-2024-jpg.webp\",\"width\":2520,\"height\":694,\"caption\":\"JEL Products\"},\"image\":{\"@id\":\"https:\\\/\\\/jelproducts.nl\\\/en\\\/#\\\/schema\\\/logo\\\/image\\\/\"},\"sameAs\":[\"https:\\\/\\\/www.linkedin.com\\\/company\\\/jelproducts\\\/\"],\"description\":\"At JEL Products, we provide specialised and sustainable lighting solutions in industrial niche markets. As a service- and quality-oriented company, we specialise in providing thoughtful lighting solutions. Our customer-oriented approach and total solutions set us apart. We serve heavy industry worldwide, such as mining, vertical transport, offshore, ports, construction and infrastructure. We are proud to introduce our advanced DCbright and Dark Licht luminaires that meet stringent DarkSky requirements for light pollution. Together, we strive for a greener and safer future for all. Discover our innovative approach on the website and maximise sustainability and safety in your organisation together with our light!\",\"email\":\"info@jelproducts.nl\",\"telephone\":\"+31337859809\",\"legalName\":\"JEL Products\",\"foundingDate\":\"2019-11-01\",\"vatID\":\"NL860581974B01\",\"taxID\":\"76305317\",\"numberOfEmployees\":{\"@type\":\"QuantitativeValue\",\"minValue\":\"1\",\"maxValue\":\"10\"},\"publishingPrinciples\":\"https:\\\/\\\/jelproducts.nl\\\/nl\\\/onze-keurmerken\\\/\",\"actionableFeedbackPolicy\":\"https:\\\/\\\/jelproducts.nl\\\/en\\\/privacy\\\/\",\"correctionsPolicy\":\"https:\\\/\\\/jelproducts.nl\\\/en\\\/disclaimer\\\/\",\"ethicsPolicy\":\"https:\\\/\\\/jelproducts.nl\\\/en\\\/disclaimer\\\/\",\"diversityPolicy\":\"https:\\\/\\\/jelproducts.nl\\\/nl\\\/onze-keurmerken\\\/\",\"diversityStaffingReport\":\"https:\\\/\\\/jelproducts.nl\\\/en\\\/disclaimer\\\/\"}]}<\/script>\n<!-- \/ Yoast SEO Premium plugin. -->","yoast_head_json":{"title":"Spar-Rechner | JEL Products","description":"Verwenden Sie auf dieser Seite unser kostenloses Tool, um sofort und einfach eine Sparberechnung durchzuf\u00fchren. Probieren Sie unseren Sparrechner aus!","robots":{"index":"index","follow":"follow","max-snippet":"max-snippet:-1","max-image-preview":"max-image-preview:large","max-video-preview":"max-video-preview:-1"},"canonical":"https:\/\/jelproducts.nl\/de\/spar-rechner\/","og_locale":"de_DE","og_type":"article","og_title":"Besparingscalculator","og_description":"Op deze pagina gebruikt u gratis onze tool om direct en eenvoudig een besparingscalculatie uit te voeren. Bekijk onze besparingscalculator!","og_url":"https:\/\/jelproducts.nl\/de\/spar-rechner\/","og_site_name":"JEL Products","og_image":[{"width":2560,"height":1971,"url":"https:\/\/jelproducts.nl\/wp-content\/uploads\/2023\/07\/JELdeel_-Pwit-scaled.webp","type":"image\/jpeg"}],"twitter_card":"summary_large_image","schema":{"@context":"https:\/\/schema.org","@graph":[{"@type":"WebPage","@id":"https:\/\/jelproducts.nl\/en\/savings-calculator\/","url":"https:\/\/jelproducts.nl\/en\/savings-calculator\/","name":"Spar-Rechner | JEL Products","isPartOf":{"@id":"https:\/\/jelproducts.nl\/en\/#website"},"datePublished":"2025-06-30T14:59:40+00:00","description":"Verwenden Sie auf dieser Seite unser kostenloses Tool, um sofort und einfach eine Sparberechnung durchzuf\u00fchren. Probieren Sie unseren Sparrechner aus!","breadcrumb":{"@id":"https:\/\/jelproducts.nl\/en\/savings-calculator\/#breadcrumb"},"inLanguage":"de","potentialAction":[{"@type":"ReadAction","target":["https:\/\/jelproducts.nl\/en\/savings-calculator\/"]}]},{"@type":"BreadcrumbList","@id":"https:\/\/jelproducts.nl\/en\/savings-calculator\/#breadcrumb","itemListElement":[{"@type":"ListItem","position":1,"name":"Home","item":"https:\/\/jelproducts.nl\/"},{"@type":"ListItem","position":2,"name":"Besparingscalculator"}]},{"@type":"WebSite","@id":"https:\/\/jelproducts.nl\/en\/#website","url":"https:\/\/jelproducts.nl\/en\/","name":"JEL-Produkte","description":"Beleuchtung f\u00fcr extreme Bedingungen","publisher":{"@id":"https:\/\/jelproducts.nl\/en\/#organization"},"potentialAction":[{"@type":"SearchAction","target":{"@type":"EntryPoint","urlTemplate":"https:\/\/jelproducts.nl\/en\/?s={search_term_string}"},"query-input":{"@type":"PropertyValueSpecification","valueRequired":true,"valueName":"search_term_string"}}],"inLanguage":"de"},{"@type":"Organization","@id":"https:\/\/jelproducts.nl\/en\/#organization","name":"JEL-Produkte","url":"https:\/\/jelproducts.nl\/en\/","logo":{"@type":"ImageObject","inLanguage":"de","@id":"https:\/\/jelproducts.nl\/en\/#\/schema\/logo\/image\/","url":"https:\/\/jelproducts.nl\/wp-content\/uploads\/2022\/05\/JEL-Products-2024-jpg.webp","contentUrl":"https:\/\/jelproducts.nl\/wp-content\/uploads\/2022\/05\/JEL-Products-2024-jpg.webp","width":2520,"height":694,"caption":"JEL Products"},"image":{"@id":"https:\/\/jelproducts.nl\/en\/#\/schema\/logo\/image\/"},"sameAs":["https:\/\/www.linkedin.com\/company\/jelproducts\/"],"description":"Bei JEL Products bieten wir spezialisierte und nachhaltige Beleuchtungsl\u00f6sungen f\u00fcr industrielle Nischenm\u00e4rkte. Als service- und qualit\u00e4tsorientiertes Unternehmen sind wir darauf spezialisiert, durchdachte Beleuchtungsl\u00f6sungen anzubieten. Unser kundenorientierter Ansatz und unsere Gesamtl\u00f6sungen zeichnen uns aus. Wir beliefern weltweit die Schwerindustrie, wie Bergbau, Vertikaltransport, Offshore, H\u00e4fen, Bau und Infrastruktur. Wir sind stolz darauf, unsere fortschrittlichen DCbright- und Dark Licht-Leuchten vorzustellen, die die strengen DarkSky-Anforderungen in Bezug auf Lichtverschmutzung erf\u00fcllen. Gemeinsam streben wir nach einer gr\u00fcneren und sichereren Zukunft f\u00fcr alle. Entdecken Sie unseren innovativen Ansatz auf der Website und maximieren Sie gemeinsam mit unserem Licht die Nachhaltigkeit und Sicherheit in Ihrem Unternehmen!","email":"info@jelproducts.nl","telephone":"+31337859809","legalName":"JEL Products","foundingDate":"2019-11-01","vatID":"NL860581974B01","taxID":"76305317","numberOfEmployees":{"@type":"QuantitativeValue","minValue":"1","maxValue":"10"},"publishingPrinciples":"https:\/\/jelproducts.nl\/nl\/onze-keurmerken\/","actionableFeedbackPolicy":"https:\/\/jelproducts.nl\/en\/privacy\/","correctionsPolicy":"https:\/\/jelproducts.nl\/en\/disclaimer\/","ethicsPolicy":"https:\/\/jelproducts.nl\/en\/disclaimer\/","diversityPolicy":"https:\/\/jelproducts.nl\/nl\/onze-keurmerken\/","diversityStaffingReport":"https:\/\/jelproducts.nl\/en\/disclaimer\/"}]}},"_links":{"self":[{"href":"https:\/\/jelproducts.nl\/de\/wp-json\/wp\/v2\/pages\/30572","targetHints":{"allow":["GET"]}}],"collection":[{"href":"https:\/\/jelproducts.nl\/de\/wp-json\/wp\/v2\/pages"}],"about":[{"href":"https:\/\/jelproducts.nl\/de\/wp-json\/wp\/v2\/types\/page"}],"author":[{"embeddable":true,"href":"https:\/\/jelproducts.nl\/de\/wp-json\/wp\/v2\/users\/1"}],"replies":[{"embeddable":true,"href":"https:\/\/jelproducts.nl\/de\/wp-json\/wp\/v2\/comments?post=30572"}],"version-history":[{"count":1,"href":"https:\/\/jelproducts.nl\/de\/wp-json\/wp\/v2\/pages\/30572\/revisions"}],"predecessor-version":[{"id":30573,"href":"https:\/\/jelproducts.nl\/de\/wp-json\/wp\/v2\/pages\/30572\/revisions\/30573"}],"wp:attachment":[{"href":"https:\/\/jelproducts.nl\/de\/wp-json\/wp\/v2\/media?parent=30572"}],"curies":[{"name":"wp","href":"https:\/\/api.w.org\/{rel}","templated":true}]}}