{"id":191,"date":"2019-11-07T18:46:56","date_gmt":"2019-11-07T18:46:56","guid":{"rendered":"https:\/\/jelproducts.nl\/?page_id=191"},"modified":"2025-01-29T21:04:52","modified_gmt":"2025-01-29T20:04:52","slug":"privacidad","status":"publish","type":"page","link":"https:\/\/jelproducts.nl\/es\/privacy\/","title":{"rendered":"Privacidad"},"content":{"rendered":"<div data-elementor-type=\"wp-page\" data-elementor-id=\"191\" class=\"elementor elementor-191\" data-elementor-post-type=\"page\">\n\t\t\t\t<div class=\"elementor-element elementor-element-5372bc9 e-flex e-con-boxed e-con e-parent\" data-id=\"5372bc9\" data-element_type=\"container\" data-e-type=\"container\">\n\t\t\t\t\t<div class=\"e-con-inner\">\n\t\t\t\t<div class=\"elementor-element elementor-element-80b3e91 elementor-widget elementor-widget-heading\" data-id=\"80b3e91\" data-element_type=\"widget\" data-e-type=\"widget\" data-widget_type=\"heading.default\">\n\t\t\t\t<div class=\"elementor-widget-container\">\n\t\t\t\t\t<h1 class=\"elementor-heading-title elementor-size-default\">Privacidad<\/h1>\t\t\t\t<\/div>\n\t\t\t\t<\/div>\n\t\t\t\t\t<\/div>\n\t\t\t\t<\/div>\n\t\t\t\t<section class=\"elementor-section elementor-top-section elementor-element elementor-element-476b7ac elementor-section-boxed elementor-section-height-default elementor-section-height-default\" data-id=\"476b7ac\" data-element_type=\"section\" data-e-type=\"section\">\n\t\t\t\t\t\t<div class=\"elementor-container elementor-column-gap-default\">\n\t\t\t\t\t<div class=\"elementor-column elementor-col-100 elementor-top-column elementor-element elementor-element-81bdcc9\" data-id=\"81bdcc9\" data-element_type=\"column\" data-e-type=\"column\">\n\t\t\t<div class=\"elementor-widget-wrap elementor-element-populated\">\n\t\t\t\t\t\t<div class=\"elementor-element elementor-element-cebba7c elementor-align-center elementor-widget elementor-widget-breadcrumbs\" data-id=\"cebba7c\" data-element_type=\"widget\" data-e-type=\"widget\" data-widget_type=\"breadcrumbs.default\">\n\t\t\t\t<div class=\"elementor-widget-container\">\n\t\t\t\t\t<p id=\"breadcrumbs\"><span><span><a href=\"https:\/\/jelproducts.nl\/\">Inicio<\/a><\/span><\/span><\/p>\t\t\t\t<\/div>\n\t\t\t\t<\/div>\n\t\t\t\t\t<\/div>\n\t\t<\/div>\n\t\t\t\t\t<\/div>\n\t\t<\/section>\n\t\t\t\t<section class=\"elementor-section elementor-top-section elementor-element elementor-element-7e95096 elementor-section-boxed elementor-section-height-default elementor-section-height-default\" data-id=\"7e95096\" data-element_type=\"section\" data-e-type=\"section\">\n\t\t\t\t\t\t<div class=\"elementor-container elementor-column-gap-default\">\n\t\t\t\t\t<div class=\"elementor-column elementor-col-100 elementor-top-column elementor-element elementor-element-3b2c1d1\" data-id=\"3b2c1d1\" data-element_type=\"column\" data-e-type=\"column\">\n\t\t\t<div class=\"elementor-widget-wrap elementor-element-populated\">\n\t\t\t\t\t\t<div class=\"elementor-element elementor-element-16e5dd8 elementor-widget__width-initial elementor-widget elementor-widget-text-editor\" data-id=\"16e5dd8\" data-element_type=\"widget\" data-e-type=\"widget\" data-widget_type=\"text-editor.default\">\n\t\t\t\t<div class=\"elementor-widget-container\">\n\t\t\t\t\t\t\t\t\t<p><b>Datos de contacto:<br><\/b>JEL Products B.V.<br>Amp\u00e8restraat 19E, 3861 NC Nijkerk<\/p>\n<p>Con la entrada en vigor del Reglamento General de Protecci\u00f3n de Datos (RGPD) el 25 de mayo de 2018, en JEL Products B.V. concedemos gran importancia a la protecci\u00f3n de sus datos personales y su privacidad. A trav\u00e9s de esta declaraci\u00f3n de privacidad, le informamos sobre c\u00f3mo procesamos, almacenamos y protegemos sus datos.<\/p>\n<p><b>\u00bfPor qu\u00e9 procesamos sus datos personales?<br><\/b>JEL Products B.V. procesa sus datos personales con el fin de comunicarnos y realizar negocios con usted de forma eficaz. Esto nos permite optimizar los servicios que le prestamos.<\/p>\n<p><b>Per\u00edodo de conservaci\u00f3n de sus datos<br><\/b>Sus datos personales ser\u00e1n conservados por JEL Products B.V. durante el tiempo estrictamente necesario para mantener nuestra relaci\u00f3n comercial y cumplir con nuestras obligaciones legales.<\/p>\n<p><b>Compartir sus datos<br><\/b>Sus datos s\u00f3lo se compartir\u00e1n con terceros si es necesario para la ejecuci\u00f3n de nuestro acuerdo con usted, o para cumplir con una obligaci\u00f3n legal.<\/p>\n<p><b>An\u00e1lisis del tr\u00e1fico de la p\u00e1gina web<br><\/b>Recopilamos datos generales de los visitantes de nuestro sitio web mediante Google Analytics. Estos datos nos ayudan a mejorar su experiencia como usuario. En la medida de lo posible, esta informaci\u00f3n se anonimiza y no se comparte con terceros, a menos que Google est\u00e9 obligado legalmente a hacerlo o que los datos se procesen en nombre de Google. JEL Products B.V. no tiene ninguna influencia sobre este procesamiento por parte de Google.<\/p>\n<p><b>Sus derechos<br><\/b>Tiene derecho a acceder a sus datos personales, rectificarlos o suprimirlos. Las solicitudes deben dirigirse a <a href=\"mailto:lucas@jelproducts.nl\">lucas@jelproducts.nl<\/a>. Nuestro objetivo es responder a su solicitud en un plazo de cuatro semanas.<\/p>\n<p><b>Seguridad de sus datos<br><\/b>Nos tomamos muy en serio su privacidad y hemos adoptado las medidas t\u00e9cnicas y organizativas adecuadas para proteger sus datos contra el tratamiento il\u00edcito.<\/p>\n<p><b>Cambios en esta declaraci\u00f3n de privacidad<br><\/b>Nuestras pr\u00e1cticas en materia de privacidad pueden cambiar, al igual que esta declaraci\u00f3n de privacidad. Por lo tanto, le aconsejamos que consulte esta declaraci\u00f3n con regularidad. La fecha de la \u00faltima modificaci\u00f3n figura al pie de este documento.<\/p>\n<p>Este aviso de privacidad se modific\u00f3 por \u00faltima vez el 24 de mayo de 2018.<\/p>\t\t\t\t\t\t\t\t<\/div>\n\t\t\t\t<\/div>\n\t\t\t\t\t<\/div>\n\t\t<\/div>\n\t\t\t\t\t<\/div>\n\t\t<\/section>\n\t\t\t\t<\/div>","protected":false},"excerpt":{"rendered":"<p>Privacy Contactgegevens:JEL Products B.V.Amp\u00e8restraat 19E, 3861 NC Nijkerk Met de inwerkingtreding van de Algemene Verordening Gegevensbescherming (AVG) op 25 mei 2018, hechten we bij JEL Products B.V. groot belang aan de bescherming van uw persoonsgegevens en privacy. Via deze privacyverklaring informeren wij u over hoe we uw gegevens verwerken, bewaren en beschermen. Waarom verwerken wij [&hellip;]<\/p>\n","protected":false},"author":1,"featured_media":14209,"parent":0,"menu_order":0,"comment_status":"closed","ping_status":"closed","template":"elementor_header_footer","meta":{"footnotes":""},"class_list":["post-191","page","type-page","status-publish","has-post-thumbnail","hentry"],"yoast_head":"<!-- This site is optimized with the Yoast SEO Premium plugin v27.4 (Yoast SEO v27.4) - https:\/\/yoast.com\/product\/yoast-seo-premium-wordpress\/ -->\n<title>Privacy<\/title>\n<meta name=\"description\" content=\"Privacy Statement Contactgegevens JEL Products. Benieuwd hoe wij bij JEL Products omgaan met uw gegevens? Lees meer in onze Privacy Statement.\" \/>\n<meta name=\"robots\" content=\"index, follow, max-snippet:-1, max-image-preview:large, max-video-preview:-1\" \/>\n<link rel=\"canonical\" href=\"https:\/\/jelproducts.nl\/es\/privacidad\/\" \/>\n<meta property=\"og:locale\" content=\"es_ES\" \/>\n<meta property=\"og:type\" content=\"article\" \/>\n<meta property=\"og:title\" content=\"Privacy\" \/>\n<meta property=\"og:description\" content=\"Privacy Statement Contactgegevens JEL Products. Benieuwd hoe wij bij JEL Products omgaan met uw gegevens? Lees meer in onze Privacy Statement.\" \/>\n<meta property=\"og:url\" content=\"https:\/\/jelproducts.nl\/es\/privacidad\/\" \/>\n<meta property=\"og:site_name\" content=\"JEL Products\" \/>\n<meta property=\"article:modified_time\" content=\"2025-01-29T20:04:52+00:00\" \/>\n<meta property=\"og:image\" content=\"https:\/\/jelproducts.nl\/wp-content\/uploads\/2022\/06\/SEO-_-JEL-Products.png\" \/>\n\t<meta property=\"og:image:width\" content=\"1000\" \/>\n\t<meta property=\"og:image:height\" content=\"1000\" \/>\n\t<meta property=\"og:image:type\" content=\"image\/png\" \/>\n<meta name=\"twitter:card\" content=\"summary_large_image\" \/>\n<meta name=\"twitter:label1\" content=\"Tiempo de lectura\" \/>\n\t<meta name=\"twitter:data1\" content=\"2 minutos\" \/>\n<script type=\"application\/ld+json\" class=\"yoast-schema-graph\">{\"@context\":\"https:\\\/\\\/schema.org\",\"@graph\":[{\"@type\":\"WebPage\",\"@id\":\"https:\\\/\\\/jelproducts.nl\\\/en\\\/privacy\\\/\",\"url\":\"https:\\\/\\\/jelproducts.nl\\\/en\\\/privacy\\\/\",\"name\":\"Privacy\",\"isPartOf\":{\"@id\":\"https:\\\/\\\/jelproducts.nl\\\/en\\\/#website\"},\"primaryImageOfPage\":{\"@id\":\"https:\\\/\\\/jelproducts.nl\\\/en\\\/privacy\\\/#primaryimage\"},\"image\":{\"@id\":\"https:\\\/\\\/jelproducts.nl\\\/en\\\/privacy\\\/#primaryimage\"},\"thumbnailUrl\":\"https:\\\/\\\/jelproducts.nl\\\/wp-content\\\/uploads\\\/2022\\\/06\\\/SEO-_-JEL-Products.png\",\"datePublished\":\"2019-11-07T18:46:56+00:00\",\"dateModified\":\"2025-01-29T20:04:52+00:00\",\"description\":\"Privacy Statement Contactgegevens JEL Products. Benieuwd hoe wij bij JEL Products omgaan met uw gegevens? Lees meer in onze Privacy Statement.\",\"breadcrumb\":{\"@id\":\"https:\\\/\\\/jelproducts.nl\\\/en\\\/privacy\\\/#breadcrumb\"},\"inLanguage\":\"es\",\"potentialAction\":[{\"@type\":\"ReadAction\",\"target\":[\"https:\\\/\\\/jelproducts.nl\\\/en\\\/privacy\\\/\"]}]},{\"@type\":\"ImageObject\",\"inLanguage\":\"es\",\"@id\":\"https:\\\/\\\/jelproducts.nl\\\/en\\\/privacy\\\/#primaryimage\",\"url\":\"https:\\\/\\\/jelproducts.nl\\\/wp-content\\\/uploads\\\/2022\\\/06\\\/SEO-_-JEL-Products.png\",\"contentUrl\":\"https:\\\/\\\/jelproducts.nl\\\/wp-content\\\/uploads\\\/2022\\\/06\\\/SEO-_-JEL-Products.png\",\"width\":1000,\"height\":1000,\"caption\":\"SEO _ JEL Products\"},{\"@type\":\"BreadcrumbList\",\"@id\":\"https:\\\/\\\/jelproducts.nl\\\/en\\\/privacy\\\/#breadcrumb\",\"itemListElement\":[{\"@type\":\"ListItem\",\"position\":1,\"name\":\"Home\",\"item\":\"https:\\\/\\\/jelproducts.nl\\\/\"},{\"@type\":\"ListItem\",\"position\":2,\"name\":\"Privacy\"}]},{\"@type\":\"WebSite\",\"@id\":\"https:\\\/\\\/jelproducts.nl\\\/en\\\/#website\",\"url\":\"https:\\\/\\\/jelproducts.nl\\\/en\\\/\",\"name\":\"JEL Products\",\"description\":\"Verlichting voor extreme omstandigheden\",\"publisher\":{\"@id\":\"https:\\\/\\\/jelproducts.nl\\\/en\\\/#organization\"},\"potentialAction\":[{\"@type\":\"SearchAction\",\"target\":{\"@type\":\"EntryPoint\",\"urlTemplate\":\"https:\\\/\\\/jelproducts.nl\\\/en\\\/?s={search_term_string}\"},\"query-input\":{\"@type\":\"PropertyValueSpecification\",\"valueRequired\":true,\"valueName\":\"search_term_string\"}}],\"inLanguage\":\"es\"},{\"@type\":\"Organization\",\"@id\":\"https:\\\/\\\/jelproducts.nl\\\/en\\\/#organization\",\"name\":\"JEL Products\",\"url\":\"https:\\\/\\\/jelproducts.nl\\\/en\\\/\",\"logo\":{\"@type\":\"ImageObject\",\"inLanguage\":\"es\",\"@id\":\"https:\\\/\\\/jelproducts.nl\\\/en\\\/#\\\/schema\\\/logo\\\/image\\\/\",\"url\":\"https:\\\/\\\/jelproducts.nl\\\/wp-content\\\/uploads\\\/2022\\\/05\\\/JEL-Products-2024-jpg.webp\",\"contentUrl\":\"https:\\\/\\\/jelproducts.nl\\\/wp-content\\\/uploads\\\/2022\\\/05\\\/JEL-Products-2024-jpg.webp\",\"width\":2520,\"height\":694,\"caption\":\"JEL Products\"},\"image\":{\"@id\":\"https:\\\/\\\/jelproducts.nl\\\/en\\\/#\\\/schema\\\/logo\\\/image\\\/\"},\"sameAs\":[\"https:\\\/\\\/www.linkedin.com\\\/company\\\/jelproducts\\\/\"],\"description\":\"At JEL Products, we provide specialised and sustainable lighting solutions in industrial niche markets. As a service- and quality-oriented company, we specialise in providing thoughtful lighting solutions. Our customer-oriented approach and total solutions set us apart. We serve heavy industry worldwide, such as mining, vertical transport, offshore, ports, construction and infrastructure. We are proud to introduce our advanced DCbright and Dark Licht luminaires that meet stringent DarkSky requirements for light pollution. Together, we strive for a greener and safer future for all. Discover our innovative approach on the website and maximise sustainability and safety in your organisation together with our light!\",\"email\":\"info@jelproducts.nl\",\"telephone\":\"+31337859809\",\"legalName\":\"JEL Products\",\"foundingDate\":\"2019-11-01\",\"vatID\":\"NL860581974B01\",\"taxID\":\"76305317\",\"numberOfEmployees\":{\"@type\":\"QuantitativeValue\",\"minValue\":\"1\",\"maxValue\":\"10\"},\"publishingPrinciples\":\"https:\\\/\\\/jelproducts.nl\\\/nl\\\/onze-keurmerken\\\/\",\"actionableFeedbackPolicy\":\"https:\\\/\\\/jelproducts.nl\\\/en\\\/privacy\\\/\",\"correctionsPolicy\":\"https:\\\/\\\/jelproducts.nl\\\/en\\\/disclaimer\\\/\",\"ethicsPolicy\":\"https:\\\/\\\/jelproducts.nl\\\/en\\\/disclaimer\\\/\",\"diversityPolicy\":\"https:\\\/\\\/jelproducts.nl\\\/nl\\\/onze-keurmerken\\\/\",\"diversityStaffingReport\":\"https:\\\/\\\/jelproducts.nl\\\/en\\\/disclaimer\\\/\"}]}<\/script>\n<!-- \/ Yoast SEO Premium plugin. -->","yoast_head_json":{"title":"Privacidad","description":"Declaraci\u00f3n de privacidad Datos de contacto JEL Products. \u00bfSe pregunta c\u00f3mo tratamos sus datos en JEL Products? Lea m\u00e1s en nuestra Declaraci\u00f3n de privacidad.","robots":{"index":"index","follow":"follow","max-snippet":"max-snippet:-1","max-image-preview":"max-image-preview:large","max-video-preview":"max-video-preview:-1"},"canonical":"https:\/\/jelproducts.nl\/es\/privacidad\/","og_locale":"es_ES","og_type":"article","og_title":"Privacy","og_description":"Privacy Statement Contactgegevens JEL Products. Benieuwd hoe wij bij JEL Products omgaan met uw gegevens? Lees meer in onze Privacy Statement.","og_url":"https:\/\/jelproducts.nl\/es\/privacidad\/","og_site_name":"JEL Products","article_modified_time":"2025-01-29T20:04:52+00:00","og_image":[{"width":1000,"height":1000,"url":"https:\/\/jelproducts.nl\/wp-content\/uploads\/2022\/06\/SEO-_-JEL-Products.png","type":"image\/png"}],"twitter_card":"summary_large_image","twitter_misc":{"Tiempo de lectura":"2 minutos"},"schema":{"@context":"https:\/\/schema.org","@graph":[{"@type":"WebPage","@id":"https:\/\/jelproducts.nl\/en\/privacy\/","url":"https:\/\/jelproducts.nl\/en\/privacy\/","name":"Privacidad","isPartOf":{"@id":"https:\/\/jelproducts.nl\/en\/#website"},"primaryImageOfPage":{"@id":"https:\/\/jelproducts.nl\/en\/privacy\/#primaryimage"},"image":{"@id":"https:\/\/jelproducts.nl\/en\/privacy\/#primaryimage"},"thumbnailUrl":"https:\/\/jelproducts.nl\/wp-content\/uploads\/2022\/06\/SEO-_-JEL-Products.png","datePublished":"2019-11-07T18:46:56+00:00","dateModified":"2025-01-29T20:04:52+00:00","description":"Declaraci\u00f3n de privacidad Datos de contacto JEL Products. \u00bfSe pregunta c\u00f3mo tratamos sus datos en JEL Products? Lea m\u00e1s en nuestra Declaraci\u00f3n de privacidad.","breadcrumb":{"@id":"https:\/\/jelproducts.nl\/en\/privacy\/#breadcrumb"},"inLanguage":"es","potentialAction":[{"@type":"ReadAction","target":["https:\/\/jelproducts.nl\/en\/privacy\/"]}]},{"@type":"ImageObject","inLanguage":"es","@id":"https:\/\/jelproducts.nl\/en\/privacy\/#primaryimage","url":"https:\/\/jelproducts.nl\/wp-content\/uploads\/2022\/06\/SEO-_-JEL-Products.png","contentUrl":"https:\/\/jelproducts.nl\/wp-content\/uploads\/2022\/06\/SEO-_-JEL-Products.png","width":1000,"height":1000,"caption":"SEO _ JEL Products"},{"@type":"BreadcrumbList","@id":"https:\/\/jelproducts.nl\/en\/privacy\/#breadcrumb","itemListElement":[{"@type":"ListItem","position":1,"name":"Home","item":"https:\/\/jelproducts.nl\/"},{"@type":"ListItem","position":2,"name":"Privacy"}]},{"@type":"WebSite","@id":"https:\/\/jelproducts.nl\/en\/#website","url":"https:\/\/jelproducts.nl\/en\/","name":"Productos JEL","description":"Iluminaci\u00f3n para condiciones extremas","publisher":{"@id":"https:\/\/jelproducts.nl\/en\/#organization"},"potentialAction":[{"@type":"SearchAction","target":{"@type":"EntryPoint","urlTemplate":"https:\/\/jelproducts.nl\/en\/?s={search_term_string}"},"query-input":{"@type":"PropertyValueSpecification","valueRequired":true,"valueName":"search_term_string"}}],"inLanguage":"es"},{"@type":"Organization","@id":"https:\/\/jelproducts.nl\/en\/#organization","name":"Productos JEL","url":"https:\/\/jelproducts.nl\/en\/","logo":{"@type":"ImageObject","inLanguage":"es","@id":"https:\/\/jelproducts.nl\/en\/#\/schema\/logo\/image\/","url":"https:\/\/jelproducts.nl\/wp-content\/uploads\/2022\/05\/JEL-Products-2024-jpg.webp","contentUrl":"https:\/\/jelproducts.nl\/wp-content\/uploads\/2022\/05\/JEL-Products-2024-jpg.webp","width":2520,"height":694,"caption":"JEL Products"},"image":{"@id":"https:\/\/jelproducts.nl\/en\/#\/schema\/logo\/image\/"},"sameAs":["https:\/\/www.linkedin.com\/company\/jelproducts\/"],"description":"En JEL Products proporcionamos soluciones de iluminaci\u00f3n especializadas y sostenibles en nichos de mercado industriales. Como empresa orientada al servicio y la calidad, estamos especializados en ofrecer soluciones de iluminaci\u00f3n bien pensadas. Nuestro enfoque orientado al cliente y nuestras soluciones totales nos distinguen. Prestamos servicio a la industria pesada en todo el mundo, como la miner\u00eda, el transporte vertical, el offshore, los puertos, la construcci\u00f3n y las infraestructuras. Estamos orgullosos de presentar nuestras avanzadas luminarias DCbright y Dark Licht, que cumplen los estrictos requisitos DarkSky en materia de contaminaci\u00f3n lum\u00ednica. Juntos, luchamos por un futuro m\u00e1s ecol\u00f3gico y seguro para todos. Descubra nuestro innovador enfoque en la p\u00e1gina web y maximice la sostenibilidad y la seguridad en su organizaci\u00f3n junto con nuestra luz.","email":"info@jelproducts.nl","telephone":"+31337859809","legalName":"JEL Products","foundingDate":"2019-11-01","vatID":"NL860581974B01","taxID":"76305317","numberOfEmployees":{"@type":"QuantitativeValue","minValue":"1","maxValue":"10"},"publishingPrinciples":"https:\/\/jelproducts.nl\/nl\/onze-keurmerken\/","actionableFeedbackPolicy":"https:\/\/jelproducts.nl\/en\/privacy\/","correctionsPolicy":"https:\/\/jelproducts.nl\/en\/disclaimer\/","ethicsPolicy":"https:\/\/jelproducts.nl\/en\/disclaimer\/","diversityPolicy":"https:\/\/jelproducts.nl\/nl\/onze-keurmerken\/","diversityStaffingReport":"https:\/\/jelproducts.nl\/en\/disclaimer\/"}]}},"_links":{"self":[{"href":"https:\/\/jelproducts.nl\/es\/wp-json\/wp\/v2\/pages\/191","targetHints":{"allow":["GET"]}}],"collection":[{"href":"https:\/\/jelproducts.nl\/es\/wp-json\/wp\/v2\/pages"}],"about":[{"href":"https:\/\/jelproducts.nl\/es\/wp-json\/wp\/v2\/types\/page"}],"author":[{"embeddable":true,"href":"https:\/\/jelproducts.nl\/es\/wp-json\/wp\/v2\/users\/1"}],"replies":[{"embeddable":true,"href":"https:\/\/jelproducts.nl\/es\/wp-json\/wp\/v2\/comments?post=191"}],"version-history":[{"count":1,"href":"https:\/\/jelproducts.nl\/es\/wp-json\/wp\/v2\/pages\/191\/revisions"}],"predecessor-version":[{"id":29550,"href":"https:\/\/jelproducts.nl\/es\/wp-json\/wp\/v2\/pages\/191\/revisions\/29550"}],"wp:featuredmedia":[{"embeddable":true,"href":"https:\/\/jelproducts.nl\/es\/wp-json\/wp\/v2\/media\/14209"}],"wp:attachment":[{"href":"https:\/\/jelproducts.nl\/es\/wp-json\/wp\/v2\/media?parent=191"}],"curies":[{"name":"wp","href":"https:\/\/api.w.org\/{rel}","templated":true}]}}