{"id":31714,"date":"2026-03-20T12:18:43","date_gmt":"2026-03-20T11:18:43","guid":{"rendered":"https:\/\/jelproducts.nl\/accessibility-statement\/"},"modified":"2026-05-08T16:32:52","modified_gmt":"2026-05-08T15:32:52","slug":"declaracion-de-accesibilidad","status":"publish","type":"page","link":"https:\/\/jelproducts.nl\/es\/accessibility-statement\/","title":{"rendered":"Declaraci\u00f3n de accesibilidad"},"content":{"rendered":"<div data-elementor-type=\"wp-page\" data-elementor-id=\"31714\" class=\"elementor elementor-31714\" data-elementor-post-type=\"page\">\n\t\t\t\t<div class=\"elementor-element elementor-element-226c13d7 e-flex e-con-boxed e-con e-parent\" data-id=\"226c13d7\" data-element_type=\"container\" data-e-type=\"container\">\n\t\t\t\t\t<div class=\"e-con-inner\">\n\t\t\t\t<div class=\"elementor-element elementor-element-bbc7f64 elementor-widget elementor-widget-heading\" data-id=\"bbc7f64\" data-element_type=\"widget\" data-e-type=\"widget\" data-widget_type=\"heading.default\">\n\t\t\t\t<div class=\"elementor-widget-container\">\n\t\t\t\t\t<h2 class=\"elementor-heading-title elementor-size-default\">Declaraci\u00f3n de accesibilidad\n<\/h2>\t\t\t\t<\/div>\n\t\t\t\t<\/div>\n\t\t\t\t<div class=\"elementor-element elementor-element-4dd2efa3 elementor-widget elementor-widget-text-editor\" data-id=\"4dd2efa3\" data-element_type=\"widget\" data-e-type=\"widget\" data-widget_type=\"text-editor.default\">\n\t\t\t\t<div class=\"elementor-widget-container\">\n\t\t\t\t\t\t\t\t\t<p>Declaraci\u00f3n de accesibilidad para https:\/\/www.jelproducts.nl\/<\/p>\n<p>JEL Products B.V. zet zich in voor digitale toegankelijkheid voor mensen met een handicap. We verbeteren voortdurend de gebruikerservaring voor iedereen en passen de relevante toegankelijkheidsnormen toe.<\/p>\n<p><strong>Estado de cumplimiento<\/strong><br>Las pautas de accesibilidad de los contenidos web (WCAG) definen los requisitos que deben cumplir los dise\u00f1adores y desarrolladores para mejorar la accesibilidad de las personas con discapacidad. Se definen tres niveles de conformidad: nivel A, nivel AA y nivel AAA.<\/p>\n<p>JEL Products B.V. spant zich voortdurend in om de toegankelijkheid van zijn site en diensten te verbeteren in de overtuiging dat het onze collectieve morele plicht is om een naadloos, toegankelijk en ongehinderd gebruik mogelijk te maken voor mensen met een handicap.<\/p>\n<p>We streven ernaar om alle pagina\u2019s en inhoud op https:\/\/www.jelproducts.nl\/ toegankelijk te maken, maar sommige inhoud voldoet mogelijk nog niet volledig aan de hoogste toegankelijkheidsnormen. Dit kon het gevolg zijn van uitdagingen bij het vinden van de meest geschikte technologische oplossing.<\/p>\n<p>Podemos revisar esta declaraci\u00f3n peri\u00f3dicamente para reflejar mejoras o cambios en nuestras pr\u00e1cticas de accesibilidad.<\/p>\n<p><strong>Comentarios<\/strong><br>We ontvangen graag je feedback over de toegankelijkheid van JEL Products B.V. site. Laat het ons weten als je toegankelijkheidsbelemmeringen tegenkomt op onze site:<\/p>\n<p>Correo electr\u00f3nico: <a href=\"mailto:info@jelproducts.nl\">info@jelproducts.nl<\/a><\/p>\n<p>Intentamos responder a los comentarios en un plazo de 3 a 5 d\u00edas laborables.<\/p>\n<p>Esta declaraci\u00f3n se cre\u00f3 el 20-3-2026.<\/p>\t\t\t\t\t\t\t\t<\/div>\n\t\t\t\t<\/div>\n\t\t\t\t\t<\/div>\n\t\t\t\t<\/div>\n\t\t\t\t<\/div>","protected":false},"excerpt":{"rendered":"<p>Accessibility statement Toegankelijkheidsverklaring voor https:\/\/www.jelproducts.nl\/ JEL Products B.V. zet zich in voor digitale toegankelijkheid voor mensen met een handicap. We verbeteren voortdurend de gebruikerservaring voor iedereen en passen de relevante toegankelijkheidsnormen toe. ConformiteitsstatusDe web inhoud accessibility guidelines (WCAG) defini\u00ebren eisen voor ontwerpers en ontwikkelaars om de toegankelijkheid voor mensen met een handicap te verbeteren. Er [&hellip;]<\/p>\n","protected":false},"author":1,"featured_media":0,"parent":0,"menu_order":0,"comment_status":"closed","ping_status":"closed","template":"","meta":{"footnotes":""},"class_list":["post-31714","page","type-page","status-publish","hentry"],"yoast_head":"<!-- This site is optimized with the Yoast SEO Premium plugin v27.5 (Yoast SEO v27.5) - https:\/\/yoast.com\/product\/yoast-seo-premium-wordpress\/ -->\n<title>Accessibility Statement | JEL Products<\/title>\n<meta name=\"description\" content=\"Read the accessibility statement of JEL Products and learn how we aim to make our website accessible and usable for professional visitors.\" \/>\n<meta name=\"robots\" content=\"index, follow, max-snippet:-1, max-image-preview:large, max-video-preview:-1\" \/>\n<link rel=\"canonical\" href=\"https:\/\/jelproducts.nl\/es\/declaracion-de-accesibilidad\/\" \/>\n<meta property=\"og:locale\" content=\"es_ES\" \/>\n<meta property=\"og:type\" content=\"article\" \/>\n<meta property=\"og:title\" content=\"Accessibility statement\" \/>\n<meta property=\"og:description\" content=\"Read the accessibility statement of JEL Products and learn how we aim to make our website accessible and usable for professional visitors.\" \/>\n<meta property=\"og:url\" content=\"https:\/\/jelproducts.nl\/es\/declaracion-de-accesibilidad\/\" \/>\n<meta property=\"og:site_name\" content=\"JEL Products\" \/>\n<meta property=\"article:modified_time\" content=\"2026-05-08T15:32:52+00:00\" \/>\n<meta property=\"og:image\" content=\"https:\/\/jelproducts.nl\/wp-content\/uploads\/2023\/07\/JELdeel_-Pwit-scaled.webp\" \/>\n\t<meta property=\"og:image:width\" content=\"2560\" \/>\n\t<meta property=\"og:image:height\" content=\"1971\" \/>\n\t<meta property=\"og:image:type\" content=\"image\/jpeg\" \/>\n<meta name=\"twitter:card\" content=\"summary_large_image\" \/>\n<meta name=\"twitter:label1\" content=\"Tiempo de lectura\" \/>\n\t<meta name=\"twitter:data1\" content=\"2 minutos\" \/>\n<script type=\"application\/ld+json\" class=\"yoast-schema-graph\">{\"@context\":\"https:\\\/\\\/schema.org\",\"@graph\":[{\"@type\":\"WebPage\",\"@id\":\"https:\\\/\\\/jelproducts.nl\\\/accessibility-statement\\\/\",\"url\":\"https:\\\/\\\/jelproducts.nl\\\/accessibility-statement\\\/\",\"name\":\"Accessibility Statement | JEL Products\",\"isPartOf\":{\"@id\":\"https:\\\/\\\/jelproducts.nl\\\/en\\\/#website\"},\"datePublished\":\"2026-03-20T11:18:43+00:00\",\"dateModified\":\"2026-05-08T15:32:52+00:00\",\"description\":\"Read the accessibility statement of JEL Products and learn how we aim to make our website accessible and usable for professional visitors.\",\"breadcrumb\":{\"@id\":\"https:\\\/\\\/jelproducts.nl\\\/accessibility-statement\\\/#breadcrumb\"},\"inLanguage\":\"es\",\"potentialAction\":[{\"@type\":\"ReadAction\",\"target\":[\"https:\\\/\\\/jelproducts.nl\\\/accessibility-statement\\\/\"]}]},{\"@type\":\"BreadcrumbList\",\"@id\":\"https:\\\/\\\/jelproducts.nl\\\/accessibility-statement\\\/#breadcrumb\",\"itemListElement\":[{\"@type\":\"ListItem\",\"position\":1,\"name\":\"Home\",\"item\":\"https:\\\/\\\/jelproducts.nl\\\/nl\\\/\"},{\"@type\":\"ListItem\",\"position\":2,\"name\":\"Accessibility statement\"}]},{\"@type\":\"WebSite\",\"@id\":\"https:\\\/\\\/jelproducts.nl\\\/en\\\/#website\",\"url\":\"https:\\\/\\\/jelproducts.nl\\\/en\\\/\",\"name\":\"JEL Products\",\"description\":\"Verlichting voor extreme omstandigheden\",\"publisher\":{\"@id\":\"https:\\\/\\\/jelproducts.nl\\\/en\\\/#organization\"},\"potentialAction\":[{\"@type\":\"SearchAction\",\"target\":{\"@type\":\"EntryPoint\",\"urlTemplate\":\"https:\\\/\\\/jelproducts.nl\\\/en\\\/?s={search_term_string}\"},\"query-input\":{\"@type\":\"PropertyValueSpecification\",\"valueRequired\":true,\"valueName\":\"search_term_string\"}}],\"inLanguage\":\"es\"},{\"@type\":\"Organization\",\"@id\":\"https:\\\/\\\/jelproducts.nl\\\/en\\\/#organization\",\"name\":\"JEL Products\",\"url\":\"https:\\\/\\\/jelproducts.nl\\\/en\\\/\",\"logo\":{\"@type\":\"ImageObject\",\"inLanguage\":\"es\",\"@id\":\"https:\\\/\\\/jelproducts.nl\\\/en\\\/#\\\/schema\\\/logo\\\/image\\\/\",\"url\":\"https:\\\/\\\/jelproducts.nl\\\/wp-content\\\/uploads\\\/2022\\\/05\\\/JEL-Products-2024-jpg.webp\",\"contentUrl\":\"https:\\\/\\\/jelproducts.nl\\\/wp-content\\\/uploads\\\/2022\\\/05\\\/JEL-Products-2024-jpg.webp\",\"width\":2520,\"height\":694,\"caption\":\"JEL Products\"},\"image\":{\"@id\":\"https:\\\/\\\/jelproducts.nl\\\/en\\\/#\\\/schema\\\/logo\\\/image\\\/\"},\"sameAs\":[\"https:\\\/\\\/www.linkedin.com\\\/company\\\/jelproducts\\\/\"],\"description\":\"At JEL Products, we provide specialised and sustainable lighting solutions in industrial niche markets. As a service- and quality-oriented company, we specialise in providing thoughtful lighting solutions. Our customer-oriented approach and total solutions set us apart. We serve heavy industry worldwide, such as mining, vertical transport, offshore, ports, construction and infrastructure. We are proud to introduce our advanced DCbright and Dark Licht luminaires that meet stringent DarkSky requirements for light pollution. Together, we strive for a greener and safer future for all. Discover our innovative approach on the website and maximise sustainability and safety in your organisation together with our light!\",\"email\":\"info@jelproducts.nl\",\"telephone\":\"+31337859809\",\"legalName\":\"JEL Products\",\"foundingDate\":\"2019-11-01\",\"vatID\":\"NL860581974B01\",\"taxID\":\"76305317\",\"numberOfEmployees\":{\"@type\":\"QuantitativeValue\",\"minValue\":\"1\",\"maxValue\":\"10\"},\"publishingPrinciples\":\"https:\\\/\\\/jelproducts.nl\\\/onze-keurmerken\\\/\",\"actionableFeedbackPolicy\":\"https:\\\/\\\/jelproducts.nl\\\/en\\\/privacy\\\/\",\"correctionsPolicy\":\"https:\\\/\\\/jelproducts.nl\\\/en\\\/disclaimer\\\/\",\"ethicsPolicy\":\"https:\\\/\\\/jelproducts.nl\\\/en\\\/disclaimer\\\/\",\"diversityPolicy\":\"https:\\\/\\\/jelproducts.nl\\\/onze-keurmerken\\\/\",\"diversityStaffingReport\":\"https:\\\/\\\/jelproducts.nl\\\/en\\\/disclaimer\\\/\"}]}<\/script>\n<!-- \/ Yoast SEO Premium plugin. -->","yoast_head_json":{"title":"Accessibility Statement | JEL Products","description":"Read the accessibility statement of JEL Products and learn how we aim to make our website accessible and usable for professional visitors.","robots":{"index":"index","follow":"follow","max-snippet":"max-snippet:-1","max-image-preview":"max-image-preview:large","max-video-preview":"max-video-preview:-1"},"canonical":"https:\/\/jelproducts.nl\/es\/declaracion-de-accesibilidad\/","og_locale":"es_ES","og_type":"article","og_title":"Accessibility statement","og_description":"Read the accessibility statement of JEL Products and learn how we aim to make our website accessible and usable for professional visitors.","og_url":"https:\/\/jelproducts.nl\/es\/declaracion-de-accesibilidad\/","og_site_name":"JEL Products","article_modified_time":"2026-05-08T15:32:52+00:00","og_image":[{"width":2560,"height":1971,"url":"https:\/\/jelproducts.nl\/wp-content\/uploads\/2023\/07\/JELdeel_-Pwit-scaled.webp","type":"image\/jpeg"}],"twitter_card":"summary_large_image","twitter_misc":{"Tiempo de lectura":"2 minutos"},"schema":{"@context":"https:\/\/schema.org","@graph":[{"@type":"WebPage","@id":"https:\/\/jelproducts.nl\/accessibility-statement\/","url":"https:\/\/jelproducts.nl\/accessibility-statement\/","name":"Accessibility Statement | JEL Products","isPartOf":{"@id":"https:\/\/jelproducts.nl\/en\/#website"},"datePublished":"2026-03-20T11:18:43+00:00","dateModified":"2026-05-08T15:32:52+00:00","description":"Read the accessibility statement of JEL Products and learn how we aim to make our website accessible and usable for professional visitors.","breadcrumb":{"@id":"https:\/\/jelproducts.nl\/accessibility-statement\/#breadcrumb"},"inLanguage":"es","potentialAction":[{"@type":"ReadAction","target":["https:\/\/jelproducts.nl\/accessibility-statement\/"]}]},{"@type":"BreadcrumbList","@id":"https:\/\/jelproducts.nl\/accessibility-statement\/#breadcrumb","itemListElement":[{"@type":"ListItem","position":1,"name":"Home","item":"https:\/\/jelproducts.nl\/nl\/"},{"@type":"ListItem","position":2,"name":"Accessibility statement"}]},{"@type":"WebSite","@id":"https:\/\/jelproducts.nl\/en\/#website","url":"https:\/\/jelproducts.nl\/en\/","name":"Productos JEL","description":"Iluminaci\u00f3n para condiciones extremas","publisher":{"@id":"https:\/\/jelproducts.nl\/en\/#organization"},"potentialAction":[{"@type":"SearchAction","target":{"@type":"EntryPoint","urlTemplate":"https:\/\/jelproducts.nl\/en\/?s={search_term_string}"},"query-input":{"@type":"PropertyValueSpecification","valueRequired":true,"valueName":"search_term_string"}}],"inLanguage":"es"},{"@type":"Organization","@id":"https:\/\/jelproducts.nl\/en\/#organization","name":"Productos JEL","url":"https:\/\/jelproducts.nl\/en\/","logo":{"@type":"ImageObject","inLanguage":"es","@id":"https:\/\/jelproducts.nl\/en\/#\/schema\/logo\/image\/","url":"https:\/\/jelproducts.nl\/wp-content\/uploads\/2022\/05\/JEL-Products-2024-jpg.webp","contentUrl":"https:\/\/jelproducts.nl\/wp-content\/uploads\/2022\/05\/JEL-Products-2024-jpg.webp","width":2520,"height":694,"caption":"JEL Products"},"image":{"@id":"https:\/\/jelproducts.nl\/en\/#\/schema\/logo\/image\/"},"sameAs":["https:\/\/www.linkedin.com\/company\/jelproducts\/"],"description":"En JEL Products proporcionamos soluciones de iluminaci\u00f3n especializadas y sostenibles en nichos de mercado industriales. Como empresa orientada al servicio y la calidad, estamos especializados en ofrecer soluciones de iluminaci\u00f3n bien pensadas. Nuestro enfoque orientado al cliente y nuestras soluciones totales nos distinguen. Prestamos servicio a la industria pesada en todo el mundo, como la miner\u00eda, el transporte vertical, el offshore, los puertos, la construcci\u00f3n y las infraestructuras. Estamos orgullosos de presentar nuestras avanzadas luminarias DCbright y Dark Licht, que cumplen los estrictos requisitos DarkSky en materia de contaminaci\u00f3n lum\u00ednica. Juntos, luchamos por un futuro m\u00e1s ecol\u00f3gico y seguro para todos. Descubra nuestro innovador enfoque en la p\u00e1gina web y maximice la sostenibilidad y la seguridad en su organizaci\u00f3n junto con nuestra luz.","email":"info@jelproducts.nl","telephone":"+31337859809","legalName":"JEL Products","foundingDate":"2019-11-01","vatID":"NL860581974B01","taxID":"76305317","numberOfEmployees":{"@type":"QuantitativeValue","minValue":"1","maxValue":"10"},"publishingPrinciples":"https:\/\/jelproducts.nl\/onze-keurmerken\/","actionableFeedbackPolicy":"https:\/\/jelproducts.nl\/en\/privacy\/","correctionsPolicy":"https:\/\/jelproducts.nl\/en\/disclaimer\/","ethicsPolicy":"https:\/\/jelproducts.nl\/en\/disclaimer\/","diversityPolicy":"https:\/\/jelproducts.nl\/onze-keurmerken\/","diversityStaffingReport":"https:\/\/jelproducts.nl\/en\/disclaimer\/"}]}},"_links":{"self":[{"href":"https:\/\/jelproducts.nl\/es\/wp-json\/wp\/v2\/pages\/31714","targetHints":{"allow":["GET"]}}],"collection":[{"href":"https:\/\/jelproducts.nl\/es\/wp-json\/wp\/v2\/pages"}],"about":[{"href":"https:\/\/jelproducts.nl\/es\/wp-json\/wp\/v2\/types\/page"}],"author":[{"embeddable":true,"href":"https:\/\/jelproducts.nl\/es\/wp-json\/wp\/v2\/users\/1"}],"replies":[{"embeddable":true,"href":"https:\/\/jelproducts.nl\/es\/wp-json\/wp\/v2\/comments?post=31714"}],"version-history":[{"count":3,"href":"https:\/\/jelproducts.nl\/es\/wp-json\/wp\/v2\/pages\/31714\/revisions"}],"predecessor-version":[{"id":33281,"href":"https:\/\/jelproducts.nl\/es\/wp-json\/wp\/v2\/pages\/31714\/revisions\/33281"}],"wp:attachment":[{"href":"https:\/\/jelproducts.nl\/es\/wp-json\/wp\/v2\/media?parent=31714"}],"curies":[{"name":"wp","href":"https:\/\/api.w.org\/{rel}","templated":true}]}}