{"id":12212,"date":"2022-04-08T12:30:17","date_gmt":"2022-04-08T10:30:17","guid":{"rendered":"https:\/\/jelproducts.nl\/?page_id=12212"},"modified":"2025-04-25T09:38:51","modified_gmt":"2025-04-25T08:38:51","slug":"avis-de-non-responsabilite","status":"publish","type":"page","link":"https:\/\/jelproducts.nl\/fr\/disclaimer\/","title":{"rendered":"Avis de non-responsabilit\u00e9"},"content":{"rendered":"<div data-elementor-type=\"wp-page\" data-elementor-id=\"12212\" class=\"elementor elementor-12212\" data-elementor-post-type=\"page\">\n\t\t\t\t\t\t<section class=\"elementor-section elementor-top-section elementor-element elementor-element-18ba2a6a elementor-section-height-min-height elementor-section-boxed elementor-section-height-default elementor-section-items-middle\" data-id=\"18ba2a6a\" data-element_type=\"section\" data-e-type=\"section\" data-settings=\"{&quot;background_background&quot;:&quot;classic&quot;}\">\n\t\t\t\t\t\t\t<div class=\"elementor-background-overlay\"><\/div>\n\t\t\t\t\t\t\t<div class=\"elementor-container elementor-column-gap-default\">\n\t\t\t\t\t<div class=\"elementor-column elementor-col-100 elementor-top-column elementor-element elementor-element-66bc5eee\" data-id=\"66bc5eee\" data-element_type=\"column\" data-e-type=\"column\">\n\t\t\t<div class=\"elementor-widget-wrap elementor-element-populated\">\n\t\t\t\t\t\t<div class=\"elementor-element elementor-element-d187cd2 elementor-widget elementor-widget-heading\" data-id=\"d187cd2\" data-element_type=\"widget\" data-e-type=\"widget\" data-widget_type=\"heading.default\">\n\t\t\t\t<div class=\"elementor-widget-container\">\n\t\t\t\t\t<h1 class=\"elementor-heading-title elementor-size-default\">Avis de non-responsabilit\u00e9<\/h1>\t\t\t\t<\/div>\n\t\t\t\t<\/div>\n\t\t\t\t\t<\/div>\n\t\t<\/div>\n\t\t\t\t\t<\/div>\n\t\t<\/section>\n\t\t\t\t<section class=\"elementor-section elementor-top-section elementor-element elementor-element-6cf87896 elementor-section-boxed elementor-section-height-default elementor-section-height-default\" data-id=\"6cf87896\" data-element_type=\"section\" data-e-type=\"section\">\n\t\t\t\t\t\t<div class=\"elementor-container elementor-column-gap-default\">\n\t\t\t\t\t<div class=\"elementor-column elementor-col-100 elementor-top-column elementor-element elementor-element-4f08e7d9\" data-id=\"4f08e7d9\" data-element_type=\"column\" data-e-type=\"column\">\n\t\t\t<div class=\"elementor-widget-wrap elementor-element-populated\">\n\t\t\t\t\t\t<div class=\"elementor-element elementor-element-666e073 elementor-align-left elementor-widget elementor-widget-breadcrumbs\" data-id=\"666e073\" data-element_type=\"widget\" data-e-type=\"widget\" data-widget_type=\"breadcrumbs.default\">\n\t\t\t\t<div class=\"elementor-widget-container\">\n\t\t\t\t\t<p id=\"breadcrumbs\"><span><span><a href=\"https:\/\/jelproducts.nl\/\">Accueil<\/a><\/span><\/span><\/p>\t\t\t\t<\/div>\n\t\t\t\t<\/div>\n\t\t\t\t\t<\/div>\n\t\t<\/div>\n\t\t\t\t\t<\/div>\n\t\t<\/section>\n\t\t\t\t<section class=\"elementor-section elementor-top-section elementor-element elementor-element-ce5776f elementor-section-boxed elementor-section-height-default elementor-section-height-default\" data-id=\"ce5776f\" data-element_type=\"section\" data-e-type=\"section\">\n\t\t\t\t\t\t<div class=\"elementor-container elementor-column-gap-default\">\n\t\t\t\t\t<div class=\"elementor-column elementor-col-50 elementor-top-column elementor-element elementor-element-92fe4d7\" data-id=\"92fe4d7\" data-element_type=\"column\" data-e-type=\"column\">\n\t\t\t<div class=\"elementor-widget-wrap elementor-element-populated\">\n\t\t\t\t\t\t<div class=\"elementor-element elementor-element-9a6df99 elementor-widget elementor-widget-heading\" data-id=\"9a6df99\" data-element_type=\"widget\" data-e-type=\"widget\" data-widget_type=\"heading.default\">\n\t\t\t\t<div class=\"elementor-widget-container\">\n\t\t\t\t\t<h2 class=\"elementor-heading-title elementor-size-default\">Avis de non-responsabilit\u00e9<\/h2>\t\t\t\t<\/div>\n\t\t\t\t<\/div>\n\t\t\t\t<div class=\"elementor-element elementor-element-9009bd8 elementor-widget elementor-widget-heading\" data-id=\"9009bd8\" data-element_type=\"widget\" data-e-type=\"widget\" data-widget_type=\"heading.default\">\n\t\t\t\t<div class=\"elementor-widget-container\">\n\t\t\t\t\t<h3 class=\"elementor-heading-title elementor-size-default\">Lisez attentivement ce qui suit<\/h3>\t\t\t\t<\/div>\n\t\t\t\t<\/div>\n\t\t\t\t\t<\/div>\n\t\t<\/div>\n\t\t\t\t<div class=\"elementor-column elementor-col-50 elementor-top-column elementor-element elementor-element-4fbbf1e\" data-id=\"4fbbf1e\" data-element_type=\"column\" data-e-type=\"column\">\n\t\t\t<div class=\"elementor-widget-wrap\">\n\t\t\t\t\t\t\t<\/div>\n\t\t<\/div>\n\t\t\t\t\t<\/div>\n\t\t<\/section>\n\t\t\t\t<section class=\"elementor-section elementor-top-section elementor-element elementor-element-8835b4b elementor-section-boxed elementor-section-height-default elementor-section-height-default\" data-id=\"8835b4b\" data-element_type=\"section\" data-e-type=\"section\">\n\t\t\t\t\t\t<div class=\"elementor-container elementor-column-gap-default\">\n\t\t\t\t\t<div class=\"elementor-column elementor-col-50 elementor-top-column elementor-element elementor-element-e8ff4ae\" data-id=\"e8ff4ae\" data-element_type=\"column\" data-e-type=\"column\">\n\t\t\t<div class=\"elementor-widget-wrap\">\n\t\t\t\t\t\t\t<\/div>\n\t\t<\/div>\n\t\t\t\t<div class=\"elementor-column elementor-col-50 elementor-top-column elementor-element elementor-element-9578dce\" data-id=\"9578dce\" data-element_type=\"column\" data-e-type=\"column\">\n\t\t\t<div class=\"elementor-widget-wrap elementor-element-populated\">\n\t\t\t\t\t\t<div class=\"elementor-element elementor-element-a534c01 elementor-widget elementor-widget-text-editor\" data-id=\"a534c01\" data-element_type=\"widget\" data-e-type=\"widget\" data-widget_type=\"text-editor.default\">\n\t\t\t\t<div class=\"elementor-widget-container\">\n\t\t\t\t\t\t\t\t\t<p>Chez JEL Products, nous nous effor\u00e7ons de veiller \u00e0 ce que toutes les informations figurant sur notre site web international soient exactes, \u00e0 jour et fiables. Toutefois, compte tenu de la complexit\u00e9 et des risques associ\u00e9s \u00e0 l'industrie lourde, nous ne pouvons pas garantir que toutes les informations sont toujours compl\u00e8tes, exemptes d'erreurs et \u00e0 jour. Par cons\u00e9quent, aucun droit ne peut \u00eatre tir\u00e9 du contenu de notre site, et nous d\u00e9clinons toute responsabilit\u00e9 pour les cons\u00e9quences \u00e9ventuelles d'un manque d'exhaustivit\u00e9 ou d'une inexactitude.<\/p>\n<p>Nous nous r\u00e9servons le droit de modifier le contenu de notre site web \u00e0 tout moment et sans pr\u00e9avis. Ces modifications peuvent concerner les informations sur les produits, les sp\u00e9cifications et les processus commerciaux.&nbsp;<span style=\"color: var( --e-global-color-text );\">Bien que nous puissions fournir des liens vers des sites web externes pour votre commodit\u00e9, nous n'avons aucun contr\u00f4le sur le contenu et le fonctionnement de ces sites, et nous ne pouvons \u00eatre tenus pour responsables de leurs politiques ou de leurs performances.<\/span><\/p>\n<p>Tous les droits de propri\u00e9t\u00e9 intellectuelle relatifs \u00e0 notre site web et \u00e0 son contenu appartiennent \u00e0 JEL Products. Vous ne pouvez pas utiliser, modifier, divulguer, reproduire ou distribuer des informations provenant de notre site sans notre accord \u00e9crit expr\u00e8s.<\/p>\n<p>Nous demandons \u00e0 tous les utilisateurs d'utiliser les informations contenues dans notre site avec prudence, en particulier lorsqu'elles concernent les produits et services de l'industrie lourde, et de nous contacter directement pour toute question ou pour obtenir les autorisations n\u00e9cessaires.<\/p>\n<p>En utilisant notre site web, vous reconnaissez et acceptez d'\u00eatre li\u00e9 par les termes de cette clause de non-responsabilit\u00e9.<\/p>\t\t\t\t\t\t\t\t<\/div>\n\t\t\t\t<\/div>\n\t\t\t\t\t<\/div>\n\t\t<\/div>\n\t\t\t\t\t<\/div>\n\t\t<\/section>\n\t\t\t\t<\/div>","protected":false},"excerpt":{"rendered":"<p>Disclaimer Disclaimer Lees deze zorgvuldig door Wij bij JEL Products spannen ons in om ervoor te zorgen dat alle informatie op onze internationale website nauwkeurig, actueel en betrouwbaar is. Echter, gezien de complexiteit en het risico verbonden aan de zware industrie, kunnen wij niet garanderen dat alle informatie altijd volledig, foutloos en up-to-date is. Daarom [&hellip;]<\/p>\n","protected":false},"author":1,"featured_media":14185,"parent":0,"menu_order":0,"comment_status":"closed","ping_status":"closed","template":"","meta":{"footnotes":""},"class_list":["post-12212","page","type-page","status-publish","has-post-thumbnail","hentry"],"yoast_head":"<!-- This site is optimized with the Yoast SEO Premium plugin v27.2 (Yoast SEO v27.3) - https:\/\/yoast.com\/product\/yoast-seo-premium-wordpress\/ -->\n<title>Disclaimer<\/title>\n<meta name=\"description\" content=\"Lees voor het gebruik van onze site onze disclaimer zodat u op de hoogte bent van alle informatie aangaande uw bezoek.\" \/>\n<meta name=\"robots\" content=\"index, follow, max-snippet:-1, max-image-preview:large, max-video-preview:-1\" \/>\n<link rel=\"canonical\" href=\"https:\/\/jelproducts.nl\/fr\/avis-de-non-responsabilite\/\" \/>\n<meta property=\"og:locale\" content=\"fr_FR\" \/>\n<meta property=\"og:type\" content=\"article\" \/>\n<meta property=\"og:title\" content=\"Disclaimer\" \/>\n<meta property=\"og:description\" content=\"Lees voor het gebruik van onze site onze disclaimer zodat u op de hoogte bent van alle informatie aangaande uw bezoek.\" \/>\n<meta property=\"og:url\" content=\"https:\/\/jelproducts.nl\/fr\/avis-de-non-responsabilite\/\" \/>\n<meta property=\"og:site_name\" content=\"JEL Products\" \/>\n<meta property=\"article:modified_time\" content=\"2025-04-25T08:38:51+00:00\" \/>\n<meta property=\"og:image\" content=\"https:\/\/jelproducts.nl\/wp-content\/uploads\/2022\/06\/SEO-_-Algemeen-JEL-Products.png\" \/>\n\t<meta property=\"og:image:width\" content=\"1000\" \/>\n\t<meta property=\"og:image:height\" content=\"1000\" \/>\n\t<meta property=\"og:image:type\" content=\"image\/png\" \/>\n<meta name=\"twitter:card\" content=\"summary_large_image\" \/>\n<meta name=\"twitter:label1\" content=\"Dur\u00e9e de lecture estim\u00e9e\" \/>\n\t<meta name=\"twitter:data1\" content=\"2 minutes\" \/>\n<script type=\"application\/ld+json\" class=\"yoast-schema-graph\">{\"@context\":\"https:\\\/\\\/schema.org\",\"@graph\":[{\"@type\":\"WebPage\",\"@id\":\"https:\\\/\\\/jelproducts.nl\\\/en\\\/disclaimer\\\/\",\"url\":\"https:\\\/\\\/jelproducts.nl\\\/en\\\/disclaimer\\\/\",\"name\":\"Disclaimer\",\"isPartOf\":{\"@id\":\"https:\\\/\\\/jelproducts.nl\\\/en\\\/#website\"},\"primaryImageOfPage\":{\"@id\":\"https:\\\/\\\/jelproducts.nl\\\/en\\\/disclaimer\\\/#primaryimage\"},\"image\":{\"@id\":\"https:\\\/\\\/jelproducts.nl\\\/en\\\/disclaimer\\\/#primaryimage\"},\"thumbnailUrl\":\"https:\\\/\\\/jelproducts.nl\\\/wp-content\\\/uploads\\\/2022\\\/06\\\/SEO-_-Algemeen-JEL-Products.png\",\"datePublished\":\"2022-04-08T10:30:17+00:00\",\"dateModified\":\"2025-04-25T08:38:51+00:00\",\"description\":\"Lees voor het gebruik van onze site onze disclaimer zodat u op de hoogte bent van alle informatie aangaande uw bezoek.\",\"breadcrumb\":{\"@id\":\"https:\\\/\\\/jelproducts.nl\\\/en\\\/disclaimer\\\/#breadcrumb\"},\"inLanguage\":\"fr-FR\",\"potentialAction\":[{\"@type\":\"ReadAction\",\"target\":[\"https:\\\/\\\/jelproducts.nl\\\/en\\\/disclaimer\\\/\"]}]},{\"@type\":\"ImageObject\",\"inLanguage\":\"fr-FR\",\"@id\":\"https:\\\/\\\/jelproducts.nl\\\/en\\\/disclaimer\\\/#primaryimage\",\"url\":\"https:\\\/\\\/jelproducts.nl\\\/wp-content\\\/uploads\\\/2022\\\/06\\\/SEO-_-Algemeen-JEL-Products.png\",\"contentUrl\":\"https:\\\/\\\/jelproducts.nl\\\/wp-content\\\/uploads\\\/2022\\\/06\\\/SEO-_-Algemeen-JEL-Products.png\",\"width\":1000,\"height\":1000,\"caption\":\"SEO _ Algemeen JEL Products\"},{\"@type\":\"BreadcrumbList\",\"@id\":\"https:\\\/\\\/jelproducts.nl\\\/en\\\/disclaimer\\\/#breadcrumb\",\"itemListElement\":[{\"@type\":\"ListItem\",\"position\":1,\"name\":\"Home\",\"item\":\"https:\\\/\\\/jelproducts.nl\\\/\"},{\"@type\":\"ListItem\",\"position\":2,\"name\":\"Disclaimer\"}]},{\"@type\":\"WebSite\",\"@id\":\"https:\\\/\\\/jelproducts.nl\\\/en\\\/#website\",\"url\":\"https:\\\/\\\/jelproducts.nl\\\/en\\\/\",\"name\":\"JEL Products\",\"description\":\"Verlichting voor extreme omstandigheden\",\"publisher\":{\"@id\":\"https:\\\/\\\/jelproducts.nl\\\/en\\\/#organization\"},\"potentialAction\":[{\"@type\":\"SearchAction\",\"target\":{\"@type\":\"EntryPoint\",\"urlTemplate\":\"https:\\\/\\\/jelproducts.nl\\\/en\\\/?s={search_term_string}\"},\"query-input\":{\"@type\":\"PropertyValueSpecification\",\"valueRequired\":true,\"valueName\":\"search_term_string\"}}],\"inLanguage\":\"fr-FR\"},{\"@type\":\"Organization\",\"@id\":\"https:\\\/\\\/jelproducts.nl\\\/en\\\/#organization\",\"name\":\"JEL Products\",\"url\":\"https:\\\/\\\/jelproducts.nl\\\/en\\\/\",\"logo\":{\"@type\":\"ImageObject\",\"inLanguage\":\"fr-FR\",\"@id\":\"https:\\\/\\\/jelproducts.nl\\\/en\\\/#\\\/schema\\\/logo\\\/image\\\/\",\"url\":\"https:\\\/\\\/jelproducts.nl\\\/wp-content\\\/uploads\\\/2022\\\/05\\\/JEL-Products-2024-jpg.webp\",\"contentUrl\":\"https:\\\/\\\/jelproducts.nl\\\/wp-content\\\/uploads\\\/2022\\\/05\\\/JEL-Products-2024-jpg.webp\",\"width\":2520,\"height\":694,\"caption\":\"JEL Products\"},\"image\":{\"@id\":\"https:\\\/\\\/jelproducts.nl\\\/en\\\/#\\\/schema\\\/logo\\\/image\\\/\"},\"sameAs\":[\"https:\\\/\\\/www.linkedin.com\\\/company\\\/jelproducts\\\/\"],\"description\":\"At JEL Products, we provide specialised and sustainable lighting solutions in industrial niche markets. As a service- and quality-oriented company, we specialise in providing thoughtful lighting solutions. Our customer-oriented approach and total solutions set us apart. We serve heavy industry worldwide, such as mining, vertical transport, offshore, ports, construction and infrastructure. We are proud to introduce our advanced DCbright and Dark Licht luminaires that meet stringent DarkSky requirements for light pollution. Together, we strive for a greener and safer future for all. Discover our innovative approach on the website and maximise sustainability and safety in your organisation together with our light!\",\"email\":\"info@jelproducts.nl\",\"telephone\":\"+31337859809\",\"legalName\":\"JEL Products\",\"foundingDate\":\"2019-11-01\",\"vatID\":\"NL860581974B01\",\"taxID\":\"76305317\",\"numberOfEmployees\":{\"@type\":\"QuantitativeValue\",\"minValue\":\"1\",\"maxValue\":\"10\"},\"publishingPrinciples\":\"https:\\\/\\\/jelproducts.nl\\\/nl\\\/onze-keurmerken\\\/\",\"actionableFeedbackPolicy\":\"https:\\\/\\\/jelproducts.nl\\\/en\\\/privacy\\\/\",\"correctionsPolicy\":\"https:\\\/\\\/jelproducts.nl\\\/en\\\/disclaimer\\\/\",\"ethicsPolicy\":\"https:\\\/\\\/jelproducts.nl\\\/en\\\/disclaimer\\\/\",\"diversityPolicy\":\"https:\\\/\\\/jelproducts.nl\\\/nl\\\/onze-keurmerken\\\/\",\"diversityStaffingReport\":\"https:\\\/\\\/jelproducts.nl\\\/en\\\/disclaimer\\\/\"}]}<\/script>\n<!-- \/ Yoast SEO Premium plugin. -->","yoast_head_json":{"title":"Avis de non-responsabilit\u00e9","description":"Veuillez lire notre clause de non-responsabilit\u00e9 avant d'utiliser notre site afin de prendre connaissance de toutes les informations concernant votre visite.","robots":{"index":"index","follow":"follow","max-snippet":"max-snippet:-1","max-image-preview":"max-image-preview:large","max-video-preview":"max-video-preview:-1"},"canonical":"https:\/\/jelproducts.nl\/fr\/avis-de-non-responsabilite\/","og_locale":"fr_FR","og_type":"article","og_title":"Disclaimer","og_description":"Lees voor het gebruik van onze site onze disclaimer zodat u op de hoogte bent van alle informatie aangaande uw bezoek.","og_url":"https:\/\/jelproducts.nl\/fr\/avis-de-non-responsabilite\/","og_site_name":"JEL Products","article_modified_time":"2025-04-25T08:38:51+00:00","og_image":[{"width":1000,"height":1000,"url":"https:\/\/jelproducts.nl\/wp-content\/uploads\/2022\/06\/SEO-_-Algemeen-JEL-Products.png","type":"image\/png"}],"twitter_card":"summary_large_image","twitter_misc":{"Dur\u00e9e de lecture estim\u00e9e":"2 minutes"},"schema":{"@context":"https:\/\/schema.org","@graph":[{"@type":"WebPage","@id":"https:\/\/jelproducts.nl\/en\/disclaimer\/","url":"https:\/\/jelproducts.nl\/en\/disclaimer\/","name":"Avis de non-responsabilit\u00e9","isPartOf":{"@id":"https:\/\/jelproducts.nl\/en\/#website"},"primaryImageOfPage":{"@id":"https:\/\/jelproducts.nl\/en\/disclaimer\/#primaryimage"},"image":{"@id":"https:\/\/jelproducts.nl\/en\/disclaimer\/#primaryimage"},"thumbnailUrl":"https:\/\/jelproducts.nl\/wp-content\/uploads\/2022\/06\/SEO-_-Algemeen-JEL-Products.png","datePublished":"2022-04-08T10:30:17+00:00","dateModified":"2025-04-25T08:38:51+00:00","description":"Veuillez lire notre clause de non-responsabilit\u00e9 avant d'utiliser notre site afin de prendre connaissance de toutes les informations concernant votre visite.","breadcrumb":{"@id":"https:\/\/jelproducts.nl\/en\/disclaimer\/#breadcrumb"},"inLanguage":"fr-FR","potentialAction":[{"@type":"ReadAction","target":["https:\/\/jelproducts.nl\/en\/disclaimer\/"]}]},{"@type":"ImageObject","inLanguage":"fr-FR","@id":"https:\/\/jelproducts.nl\/en\/disclaimer\/#primaryimage","url":"https:\/\/jelproducts.nl\/wp-content\/uploads\/2022\/06\/SEO-_-Algemeen-JEL-Products.png","contentUrl":"https:\/\/jelproducts.nl\/wp-content\/uploads\/2022\/06\/SEO-_-Algemeen-JEL-Products.png","width":1000,"height":1000,"caption":"SEO _ Algemeen JEL Products"},{"@type":"BreadcrumbList","@id":"https:\/\/jelproducts.nl\/en\/disclaimer\/#breadcrumb","itemListElement":[{"@type":"ListItem","position":1,"name":"Home","item":"https:\/\/jelproducts.nl\/"},{"@type":"ListItem","position":2,"name":"Disclaimer"}]},{"@type":"WebSite","@id":"https:\/\/jelproducts.nl\/en\/#website","url":"https:\/\/jelproducts.nl\/en\/","name":"Produits JEL","description":"\u00c9clairage pour les conditions extr\u00eames","publisher":{"@id":"https:\/\/jelproducts.nl\/en\/#organization"},"potentialAction":[{"@type":"SearchAction","target":{"@type":"EntryPoint","urlTemplate":"https:\/\/jelproducts.nl\/en\/?s={search_term_string}"},"query-input":{"@type":"PropertyValueSpecification","valueRequired":true,"valueName":"search_term_string"}}],"inLanguage":"fr-FR"},{"@type":"Organization","@id":"https:\/\/jelproducts.nl\/en\/#organization","name":"Produits JEL","url":"https:\/\/jelproducts.nl\/en\/","logo":{"@type":"ImageObject","inLanguage":"fr-FR","@id":"https:\/\/jelproducts.nl\/en\/#\/schema\/logo\/image\/","url":"https:\/\/jelproducts.nl\/wp-content\/uploads\/2022\/05\/JEL-Products-2024-jpg.webp","contentUrl":"https:\/\/jelproducts.nl\/wp-content\/uploads\/2022\/05\/JEL-Products-2024-jpg.webp","width":2520,"height":694,"caption":"JEL Products"},"image":{"@id":"https:\/\/jelproducts.nl\/en\/#\/schema\/logo\/image\/"},"sameAs":["https:\/\/www.linkedin.com\/company\/jelproducts\/"],"description":"Chez JEL Products, nous fournissons des solutions d'\u00e9clairage sp\u00e9cialis\u00e9es et durables dans des niches industrielles. En tant qu'entreprise ax\u00e9e sur le service et la qualit\u00e9, nous nous sp\u00e9cialisons dans la fourniture de solutions d'\u00e9clairage r\u00e9fl\u00e9chies. Notre approche orient\u00e9e client et nos solutions globales nous distinguent. Nous sommes au service de l'industrie lourde dans le monde entier, notamment dans les secteurs de l'exploitation mini\u00e8re, du transport vertical, de l'offshore, des ports, de la construction et des infrastructures. Nous sommes fiers de pr\u00e9senter nos luminaires avanc\u00e9s DCbright et Dark Licht qui r\u00e9pondent aux exigences strictes de DarkSky en mati\u00e8re de pollution lumineuse. Ensemble, nous aspirons \u00e0 un avenir plus vert et plus s\u00fbr pour tous. D\u00e9couvrez notre approche innovante sur le site web et optimisez la durabilit\u00e9 et la s\u00e9curit\u00e9 de votre organisation gr\u00e2ce \u00e0 notre lumi\u00e8re !","email":"info@jelproducts.nl","telephone":"+31337859809","legalName":"JEL Products","foundingDate":"2019-11-01","vatID":"NL860581974B01","taxID":"76305317","numberOfEmployees":{"@type":"QuantitativeValue","minValue":"1","maxValue":"10"},"publishingPrinciples":"https:\/\/jelproducts.nl\/nl\/onze-keurmerken\/","actionableFeedbackPolicy":"https:\/\/jelproducts.nl\/en\/privacy\/","correctionsPolicy":"https:\/\/jelproducts.nl\/en\/disclaimer\/","ethicsPolicy":"https:\/\/jelproducts.nl\/en\/disclaimer\/","diversityPolicy":"https:\/\/jelproducts.nl\/nl\/onze-keurmerken\/","diversityStaffingReport":"https:\/\/jelproducts.nl\/en\/disclaimer\/"}]}},"_links":{"self":[{"href":"https:\/\/jelproducts.nl\/fr\/wp-json\/wp\/v2\/pages\/12212","targetHints":{"allow":["GET"]}}],"collection":[{"href":"https:\/\/jelproducts.nl\/fr\/wp-json\/wp\/v2\/pages"}],"about":[{"href":"https:\/\/jelproducts.nl\/fr\/wp-json\/wp\/v2\/types\/page"}],"author":[{"embeddable":true,"href":"https:\/\/jelproducts.nl\/fr\/wp-json\/wp\/v2\/users\/1"}],"replies":[{"embeddable":true,"href":"https:\/\/jelproducts.nl\/fr\/wp-json\/wp\/v2\/comments?post=12212"}],"version-history":[{"count":4,"href":"https:\/\/jelproducts.nl\/fr\/wp-json\/wp\/v2\/pages\/12212\/revisions"}],"predecessor-version":[{"id":30510,"href":"https:\/\/jelproducts.nl\/fr\/wp-json\/wp\/v2\/pages\/12212\/revisions\/30510"}],"wp:featuredmedia":[{"embeddable":true,"href":"https:\/\/jelproducts.nl\/fr\/wp-json\/wp\/v2\/media\/14185"}],"wp:attachment":[{"href":"https:\/\/jelproducts.nl\/fr\/wp-json\/wp\/v2\/media?parent=12212"}],"curies":[{"name":"wp","href":"https:\/\/api.w.org\/{rel}","templated":true}]}}