{"id":191,"date":"2019-11-07T18:46:56","date_gmt":"2019-11-07T18:46:56","guid":{"rendered":"https:\/\/jelproducts.nl\/?page_id=191"},"modified":"2025-01-29T21:04:52","modified_gmt":"2025-01-29T20:04:52","slug":"confidentialite","status":"publish","type":"page","link":"https:\/\/jelproducts.nl\/fr\/privacy\/","title":{"rendered":"Vie priv\u00e9e"},"content":{"rendered":"<div data-elementor-type=\"wp-page\" data-elementor-id=\"191\" class=\"elementor elementor-191\" data-elementor-post-type=\"page\">\n\t\t\t\t<div class=\"elementor-element elementor-element-5372bc9 e-flex e-con-boxed e-con e-parent\" data-id=\"5372bc9\" data-element_type=\"container\" data-e-type=\"container\">\n\t\t\t\t\t<div class=\"e-con-inner\">\n\t\t\t\t<div class=\"elementor-element elementor-element-80b3e91 elementor-widget elementor-widget-heading\" data-id=\"80b3e91\" data-element_type=\"widget\" data-e-type=\"widget\" data-widget_type=\"heading.default\">\n\t\t\t\t<div class=\"elementor-widget-container\">\n\t\t\t\t\t<h1 class=\"elementor-heading-title elementor-size-default\">Vie priv\u00e9e<\/h1>\t\t\t\t<\/div>\n\t\t\t\t<\/div>\n\t\t\t\t\t<\/div>\n\t\t\t\t<\/div>\n\t\t\t\t<section class=\"elementor-section elementor-top-section elementor-element elementor-element-476b7ac elementor-section-boxed elementor-section-height-default elementor-section-height-default\" data-id=\"476b7ac\" data-element_type=\"section\" data-e-type=\"section\">\n\t\t\t\t\t\t<div class=\"elementor-container elementor-column-gap-default\">\n\t\t\t\t\t<div class=\"elementor-column elementor-col-100 elementor-top-column elementor-element elementor-element-81bdcc9\" data-id=\"81bdcc9\" data-element_type=\"column\" data-e-type=\"column\">\n\t\t\t<div class=\"elementor-widget-wrap elementor-element-populated\">\n\t\t\t\t\t\t<div class=\"elementor-element elementor-element-cebba7c elementor-align-center elementor-widget elementor-widget-breadcrumbs\" data-id=\"cebba7c\" data-element_type=\"widget\" data-e-type=\"widget\" data-widget_type=\"breadcrumbs.default\">\n\t\t\t\t<div class=\"elementor-widget-container\">\n\t\t\t\t\t<p id=\"breadcrumbs\"><span><span><a href=\"https:\/\/jelproducts.nl\/\">Accueil<\/a><\/span><\/span><\/p>\t\t\t\t<\/div>\n\t\t\t\t<\/div>\n\t\t\t\t\t<\/div>\n\t\t<\/div>\n\t\t\t\t\t<\/div>\n\t\t<\/section>\n\t\t\t\t<section class=\"elementor-section elementor-top-section elementor-element elementor-element-7e95096 elementor-section-boxed elementor-section-height-default elementor-section-height-default\" data-id=\"7e95096\" data-element_type=\"section\" data-e-type=\"section\">\n\t\t\t\t\t\t<div class=\"elementor-container elementor-column-gap-default\">\n\t\t\t\t\t<div class=\"elementor-column elementor-col-100 elementor-top-column elementor-element elementor-element-3b2c1d1\" data-id=\"3b2c1d1\" data-element_type=\"column\" data-e-type=\"column\">\n\t\t\t<div class=\"elementor-widget-wrap elementor-element-populated\">\n\t\t\t\t\t\t<div class=\"elementor-element elementor-element-16e5dd8 elementor-widget__width-initial elementor-widget elementor-widget-text-editor\" data-id=\"16e5dd8\" data-element_type=\"widget\" data-e-type=\"widget\" data-widget_type=\"text-editor.default\">\n\t\t\t\t<div class=\"elementor-widget-container\">\n\t\t\t\t\t\t\t\t\t<p><b>Coordonn\u00e9es de la personne \u00e0 contacter :<br><\/b>JEL Products B.V.<br>Amp\u00e8restraat 19E, 3861 NC Nijkerk<\/p>\n<p>Avec l'entr\u00e9e en vigueur du R\u00e8glement g\u00e9n\u00e9ral sur la protection des donn\u00e9es (RGPD) le 25 mai 2018, nous, chez JEL Products B.V., attachons une grande importance \u00e0 la protection de vos donn\u00e9es personnelles et de votre vie priv\u00e9e. Par le biais de cette d\u00e9claration de confidentialit\u00e9, nous vous informons de la mani\u00e8re dont nous traitons, stockons et prot\u00e9geons vos donn\u00e9es.<\/p>\n<p><b>Pourquoi traitons-nous vos donn\u00e9es personnelles ?<br><\/b>JEL Products B.V. traite vos donn\u00e9es personnelles afin de communiquer et de mener des affaires avec vous de mani\u00e8re efficace. Cela nous permet d'optimiser les services que nous vous proposons.<\/p>\n<p><b>P\u00e9riode de conservation de vos donn\u00e9es<br><\/b>Vos donn\u00e9es personnelles seront conserv\u00e9es par JEL Products B.V. pendant la dur\u00e9e strictement n\u00e9cessaire au maintien de notre relation commerciale et au respect de nos obligations l\u00e9gales.<\/p>\n<p><b>Partager vos donn\u00e9es<br><\/b>Vos donn\u00e9es ne seront partag\u00e9es avec des tiers que si cela est n\u00e9cessaire \u00e0 l'ex\u00e9cution de notre contrat avec vous ou au respect d'une obligation l\u00e9gale.<\/p>\n<p><b>Analyse du trafic sur le site web<br><\/b>Nous collectons des donn\u00e9es g\u00e9n\u00e9rales sur les visiteurs de notre site web \u00e0 l'aide de Google Analytics. Ces donn\u00e9es nous aident \u00e0 am\u00e9liorer votre exp\u00e9rience en tant qu'utilisateur. Dans la mesure du possible, ces informations sont rendues anonymes et ne sont pas transmises \u00e0 des tiers, sauf si Google est l\u00e9galement tenu de le faire ou si les donn\u00e9es sont trait\u00e9es pour le compte de Google. JEL Products B.V. n'a aucune influence sur le traitement de ces donn\u00e9es par Google.<\/p>\n<p><b>Vos droits<br><\/b>Vous avez le droit d'acc\u00e9der \u00e0 vos donn\u00e9es personnelles, de les corriger ou de les supprimer. Les demandes doivent \u00eatre adress\u00e9es \u00e0 <a href=\"mailto:lucas@jelproducts.nl\">lucas@jelproducts.nl<\/a>. Nous nous effor\u00e7ons de r\u00e9pondre \u00e0 votre demande dans un d\u00e9lai de quatre semaines.<\/p>\n<p><b>S\u00e9curit\u00e9 de vos donn\u00e9es<br><\/b>Nous prenons votre vie priv\u00e9e au s\u00e9rieux et avons pris les mesures techniques et organisationnelles appropri\u00e9es pour prot\u00e9ger vos donn\u00e9es contre tout traitement ill\u00e9gal.<\/p>\n<p><b>Modifications de la pr\u00e9sente d\u00e9claration de confidentialit\u00e9<br><\/b>Nos pratiques en mati\u00e8re de protection de la vie priv\u00e9e peuvent changer, tout comme la pr\u00e9sente d\u00e9claration de confidentialit\u00e9. Nous vous conseillons donc de consulter r\u00e9guli\u00e8rement cette d\u00e9claration. La date de la derni\u00e8re modification figure au bas de ce document.<\/p>\n<p>Le pr\u00e9sent avis de confidentialit\u00e9 a \u00e9t\u00e9 modifi\u00e9 pour la derni\u00e8re fois le 24 mai 2018.<\/p>\t\t\t\t\t\t\t\t<\/div>\n\t\t\t\t<\/div>\n\t\t\t\t\t<\/div>\n\t\t<\/div>\n\t\t\t\t\t<\/div>\n\t\t<\/section>\n\t\t\t\t<\/div>","protected":false},"excerpt":{"rendered":"<p>Privacy Contactgegevens:JEL Products B.V.Amp\u00e8restraat 19E, 3861 NC Nijkerk Met de inwerkingtreding van de Algemene Verordening Gegevensbescherming (AVG) op 25 mei 2018, hechten we bij JEL Products B.V. groot belang aan de bescherming van uw persoonsgegevens en privacy. Via deze privacyverklaring informeren wij u over hoe we uw gegevens verwerken, bewaren en beschermen. Waarom verwerken wij [&hellip;]<\/p>\n","protected":false},"author":1,"featured_media":14209,"parent":0,"menu_order":0,"comment_status":"closed","ping_status":"closed","template":"elementor_header_footer","meta":{"footnotes":""},"class_list":["post-191","page","type-page","status-publish","has-post-thumbnail","hentry"],"yoast_head":"<!-- This site is optimized with the Yoast SEO Premium plugin v27.4 (Yoast SEO v27.4) - https:\/\/yoast.com\/product\/yoast-seo-premium-wordpress\/ -->\n<title>Privacy<\/title>\n<meta name=\"description\" content=\"Privacy Statement Contactgegevens JEL Products. Benieuwd hoe wij bij JEL Products omgaan met uw gegevens? Lees meer in onze Privacy Statement.\" \/>\n<meta name=\"robots\" content=\"index, follow, max-snippet:-1, max-image-preview:large, max-video-preview:-1\" \/>\n<link rel=\"canonical\" href=\"https:\/\/jelproducts.nl\/fr\/confidentialite\/\" \/>\n<meta property=\"og:locale\" content=\"fr_FR\" \/>\n<meta property=\"og:type\" content=\"article\" \/>\n<meta property=\"og:title\" content=\"Privacy\" \/>\n<meta property=\"og:description\" content=\"Privacy Statement Contactgegevens JEL Products. Benieuwd hoe wij bij JEL Products omgaan met uw gegevens? Lees meer in onze Privacy Statement.\" \/>\n<meta property=\"og:url\" content=\"https:\/\/jelproducts.nl\/fr\/confidentialite\/\" \/>\n<meta property=\"og:site_name\" content=\"JEL Products\" \/>\n<meta property=\"article:modified_time\" content=\"2025-01-29T20:04:52+00:00\" \/>\n<meta property=\"og:image\" content=\"https:\/\/jelproducts.nl\/wp-content\/uploads\/2022\/06\/SEO-_-JEL-Products.png\" \/>\n\t<meta property=\"og:image:width\" content=\"1000\" \/>\n\t<meta property=\"og:image:height\" content=\"1000\" \/>\n\t<meta property=\"og:image:type\" content=\"image\/png\" \/>\n<meta name=\"twitter:card\" content=\"summary_large_image\" \/>\n<meta name=\"twitter:label1\" content=\"Dur\u00e9e de lecture estim\u00e9e\" \/>\n\t<meta name=\"twitter:data1\" content=\"2 minutes\" \/>\n<script type=\"application\/ld+json\" class=\"yoast-schema-graph\">{\"@context\":\"https:\\\/\\\/schema.org\",\"@graph\":[{\"@type\":\"WebPage\",\"@id\":\"https:\\\/\\\/jelproducts.nl\\\/en\\\/privacy\\\/\",\"url\":\"https:\\\/\\\/jelproducts.nl\\\/en\\\/privacy\\\/\",\"name\":\"Privacy\",\"isPartOf\":{\"@id\":\"https:\\\/\\\/jelproducts.nl\\\/en\\\/#website\"},\"primaryImageOfPage\":{\"@id\":\"https:\\\/\\\/jelproducts.nl\\\/en\\\/privacy\\\/#primaryimage\"},\"image\":{\"@id\":\"https:\\\/\\\/jelproducts.nl\\\/en\\\/privacy\\\/#primaryimage\"},\"thumbnailUrl\":\"https:\\\/\\\/jelproducts.nl\\\/wp-content\\\/uploads\\\/2022\\\/06\\\/SEO-_-JEL-Products.png\",\"datePublished\":\"2019-11-07T18:46:56+00:00\",\"dateModified\":\"2025-01-29T20:04:52+00:00\",\"description\":\"Privacy Statement Contactgegevens JEL Products. Benieuwd hoe wij bij JEL Products omgaan met uw gegevens? Lees meer in onze Privacy Statement.\",\"breadcrumb\":{\"@id\":\"https:\\\/\\\/jelproducts.nl\\\/en\\\/privacy\\\/#breadcrumb\"},\"inLanguage\":\"fr-FR\",\"potentialAction\":[{\"@type\":\"ReadAction\",\"target\":[\"https:\\\/\\\/jelproducts.nl\\\/en\\\/privacy\\\/\"]}]},{\"@type\":\"ImageObject\",\"inLanguage\":\"fr-FR\",\"@id\":\"https:\\\/\\\/jelproducts.nl\\\/en\\\/privacy\\\/#primaryimage\",\"url\":\"https:\\\/\\\/jelproducts.nl\\\/wp-content\\\/uploads\\\/2022\\\/06\\\/SEO-_-JEL-Products.png\",\"contentUrl\":\"https:\\\/\\\/jelproducts.nl\\\/wp-content\\\/uploads\\\/2022\\\/06\\\/SEO-_-JEL-Products.png\",\"width\":1000,\"height\":1000,\"caption\":\"SEO _ JEL Products\"},{\"@type\":\"BreadcrumbList\",\"@id\":\"https:\\\/\\\/jelproducts.nl\\\/en\\\/privacy\\\/#breadcrumb\",\"itemListElement\":[{\"@type\":\"ListItem\",\"position\":1,\"name\":\"Home\",\"item\":\"https:\\\/\\\/jelproducts.nl\\\/\"},{\"@type\":\"ListItem\",\"position\":2,\"name\":\"Privacy\"}]},{\"@type\":\"WebSite\",\"@id\":\"https:\\\/\\\/jelproducts.nl\\\/en\\\/#website\",\"url\":\"https:\\\/\\\/jelproducts.nl\\\/en\\\/\",\"name\":\"JEL Products\",\"description\":\"Verlichting voor extreme omstandigheden\",\"publisher\":{\"@id\":\"https:\\\/\\\/jelproducts.nl\\\/en\\\/#organization\"},\"potentialAction\":[{\"@type\":\"SearchAction\",\"target\":{\"@type\":\"EntryPoint\",\"urlTemplate\":\"https:\\\/\\\/jelproducts.nl\\\/en\\\/?s={search_term_string}\"},\"query-input\":{\"@type\":\"PropertyValueSpecification\",\"valueRequired\":true,\"valueName\":\"search_term_string\"}}],\"inLanguage\":\"fr-FR\"},{\"@type\":\"Organization\",\"@id\":\"https:\\\/\\\/jelproducts.nl\\\/en\\\/#organization\",\"name\":\"JEL Products\",\"url\":\"https:\\\/\\\/jelproducts.nl\\\/en\\\/\",\"logo\":{\"@type\":\"ImageObject\",\"inLanguage\":\"fr-FR\",\"@id\":\"https:\\\/\\\/jelproducts.nl\\\/en\\\/#\\\/schema\\\/logo\\\/image\\\/\",\"url\":\"https:\\\/\\\/jelproducts.nl\\\/wp-content\\\/uploads\\\/2022\\\/05\\\/JEL-Products-2024-jpg.webp\",\"contentUrl\":\"https:\\\/\\\/jelproducts.nl\\\/wp-content\\\/uploads\\\/2022\\\/05\\\/JEL-Products-2024-jpg.webp\",\"width\":2520,\"height\":694,\"caption\":\"JEL Products\"},\"image\":{\"@id\":\"https:\\\/\\\/jelproducts.nl\\\/en\\\/#\\\/schema\\\/logo\\\/image\\\/\"},\"sameAs\":[\"https:\\\/\\\/www.linkedin.com\\\/company\\\/jelproducts\\\/\"],\"description\":\"At JEL Products, we provide specialised and sustainable lighting solutions in industrial niche markets. As a service- and quality-oriented company, we specialise in providing thoughtful lighting solutions. Our customer-oriented approach and total solutions set us apart. We serve heavy industry worldwide, such as mining, vertical transport, offshore, ports, construction and infrastructure. We are proud to introduce our advanced DCbright and Dark Licht luminaires that meet stringent DarkSky requirements for light pollution. Together, we strive for a greener and safer future for all. Discover our innovative approach on the website and maximise sustainability and safety in your organisation together with our light!\",\"email\":\"info@jelproducts.nl\",\"telephone\":\"+31337859809\",\"legalName\":\"JEL Products\",\"foundingDate\":\"2019-11-01\",\"vatID\":\"NL860581974B01\",\"taxID\":\"76305317\",\"numberOfEmployees\":{\"@type\":\"QuantitativeValue\",\"minValue\":\"1\",\"maxValue\":\"10\"},\"publishingPrinciples\":\"https:\\\/\\\/jelproducts.nl\\\/nl\\\/onze-keurmerken\\\/\",\"actionableFeedbackPolicy\":\"https:\\\/\\\/jelproducts.nl\\\/en\\\/privacy\\\/\",\"correctionsPolicy\":\"https:\\\/\\\/jelproducts.nl\\\/en\\\/disclaimer\\\/\",\"ethicsPolicy\":\"https:\\\/\\\/jelproducts.nl\\\/en\\\/disclaimer\\\/\",\"diversityPolicy\":\"https:\\\/\\\/jelproducts.nl\\\/nl\\\/onze-keurmerken\\\/\",\"diversityStaffingReport\":\"https:\\\/\\\/jelproducts.nl\\\/en\\\/disclaimer\\\/\"}]}<\/script>\n<!-- \/ Yoast SEO Premium plugin. -->","yoast_head_json":{"title":"Vie priv\u00e9e","description":"D\u00e9claration de confidentialit\u00e9 Coordonn\u00e9es JEL Products. Vous vous demandez comment JEL Products traite vos donn\u00e9es ? Lisez-en plus dans notre d\u00e9claration de confidentialit\u00e9.","robots":{"index":"index","follow":"follow","max-snippet":"max-snippet:-1","max-image-preview":"max-image-preview:large","max-video-preview":"max-video-preview:-1"},"canonical":"https:\/\/jelproducts.nl\/fr\/confidentialite\/","og_locale":"fr_FR","og_type":"article","og_title":"Privacy","og_description":"Privacy Statement Contactgegevens JEL Products. Benieuwd hoe wij bij JEL Products omgaan met uw gegevens? Lees meer in onze Privacy Statement.","og_url":"https:\/\/jelproducts.nl\/fr\/confidentialite\/","og_site_name":"JEL Products","article_modified_time":"2025-01-29T20:04:52+00:00","og_image":[{"width":1000,"height":1000,"url":"https:\/\/jelproducts.nl\/wp-content\/uploads\/2022\/06\/SEO-_-JEL-Products.png","type":"image\/png"}],"twitter_card":"summary_large_image","twitter_misc":{"Dur\u00e9e de lecture estim\u00e9e":"2 minutes"},"schema":{"@context":"https:\/\/schema.org","@graph":[{"@type":"WebPage","@id":"https:\/\/jelproducts.nl\/en\/privacy\/","url":"https:\/\/jelproducts.nl\/en\/privacy\/","name":"Vie priv\u00e9e","isPartOf":{"@id":"https:\/\/jelproducts.nl\/en\/#website"},"primaryImageOfPage":{"@id":"https:\/\/jelproducts.nl\/en\/privacy\/#primaryimage"},"image":{"@id":"https:\/\/jelproducts.nl\/en\/privacy\/#primaryimage"},"thumbnailUrl":"https:\/\/jelproducts.nl\/wp-content\/uploads\/2022\/06\/SEO-_-JEL-Products.png","datePublished":"2019-11-07T18:46:56+00:00","dateModified":"2025-01-29T20:04:52+00:00","description":"D\u00e9claration de confidentialit\u00e9 Coordonn\u00e9es JEL Products. Vous vous demandez comment JEL Products traite vos donn\u00e9es ? Lisez-en plus dans notre d\u00e9claration de confidentialit\u00e9.","breadcrumb":{"@id":"https:\/\/jelproducts.nl\/en\/privacy\/#breadcrumb"},"inLanguage":"fr-FR","potentialAction":[{"@type":"ReadAction","target":["https:\/\/jelproducts.nl\/en\/privacy\/"]}]},{"@type":"ImageObject","inLanguage":"fr-FR","@id":"https:\/\/jelproducts.nl\/en\/privacy\/#primaryimage","url":"https:\/\/jelproducts.nl\/wp-content\/uploads\/2022\/06\/SEO-_-JEL-Products.png","contentUrl":"https:\/\/jelproducts.nl\/wp-content\/uploads\/2022\/06\/SEO-_-JEL-Products.png","width":1000,"height":1000,"caption":"SEO _ JEL Products"},{"@type":"BreadcrumbList","@id":"https:\/\/jelproducts.nl\/en\/privacy\/#breadcrumb","itemListElement":[{"@type":"ListItem","position":1,"name":"Home","item":"https:\/\/jelproducts.nl\/"},{"@type":"ListItem","position":2,"name":"Privacy"}]},{"@type":"WebSite","@id":"https:\/\/jelproducts.nl\/en\/#website","url":"https:\/\/jelproducts.nl\/en\/","name":"Produits JEL","description":"\u00c9clairage pour les conditions extr\u00eames","publisher":{"@id":"https:\/\/jelproducts.nl\/en\/#organization"},"potentialAction":[{"@type":"SearchAction","target":{"@type":"EntryPoint","urlTemplate":"https:\/\/jelproducts.nl\/en\/?s={search_term_string}"},"query-input":{"@type":"PropertyValueSpecification","valueRequired":true,"valueName":"search_term_string"}}],"inLanguage":"fr-FR"},{"@type":"Organization","@id":"https:\/\/jelproducts.nl\/en\/#organization","name":"Produits JEL","url":"https:\/\/jelproducts.nl\/en\/","logo":{"@type":"ImageObject","inLanguage":"fr-FR","@id":"https:\/\/jelproducts.nl\/en\/#\/schema\/logo\/image\/","url":"https:\/\/jelproducts.nl\/wp-content\/uploads\/2022\/05\/JEL-Products-2024-jpg.webp","contentUrl":"https:\/\/jelproducts.nl\/wp-content\/uploads\/2022\/05\/JEL-Products-2024-jpg.webp","width":2520,"height":694,"caption":"JEL Products"},"image":{"@id":"https:\/\/jelproducts.nl\/en\/#\/schema\/logo\/image\/"},"sameAs":["https:\/\/www.linkedin.com\/company\/jelproducts\/"],"description":"Chez JEL Products, nous fournissons des solutions d'\u00e9clairage sp\u00e9cialis\u00e9es et durables dans des niches industrielles. En tant qu'entreprise ax\u00e9e sur le service et la qualit\u00e9, nous nous sp\u00e9cialisons dans la fourniture de solutions d'\u00e9clairage r\u00e9fl\u00e9chies. Notre approche orient\u00e9e client et nos solutions globales nous distinguent. Nous sommes au service de l'industrie lourde dans le monde entier, notamment dans les secteurs de l'exploitation mini\u00e8re, du transport vertical, de l'offshore, des ports, de la construction et des infrastructures. Nous sommes fiers de pr\u00e9senter nos luminaires avanc\u00e9s DCbright et Dark Licht qui r\u00e9pondent aux exigences strictes de DarkSky en mati\u00e8re de pollution lumineuse. Ensemble, nous aspirons \u00e0 un avenir plus vert et plus s\u00fbr pour tous. D\u00e9couvrez notre approche innovante sur le site web et optimisez la durabilit\u00e9 et la s\u00e9curit\u00e9 de votre organisation gr\u00e2ce \u00e0 notre lumi\u00e8re !","email":"info@jelproducts.nl","telephone":"+31337859809","legalName":"JEL Products","foundingDate":"2019-11-01","vatID":"NL860581974B01","taxID":"76305317","numberOfEmployees":{"@type":"QuantitativeValue","minValue":"1","maxValue":"10"},"publishingPrinciples":"https:\/\/jelproducts.nl\/nl\/onze-keurmerken\/","actionableFeedbackPolicy":"https:\/\/jelproducts.nl\/en\/privacy\/","correctionsPolicy":"https:\/\/jelproducts.nl\/en\/disclaimer\/","ethicsPolicy":"https:\/\/jelproducts.nl\/en\/disclaimer\/","diversityPolicy":"https:\/\/jelproducts.nl\/nl\/onze-keurmerken\/","diversityStaffingReport":"https:\/\/jelproducts.nl\/en\/disclaimer\/"}]}},"_links":{"self":[{"href":"https:\/\/jelproducts.nl\/fr\/wp-json\/wp\/v2\/pages\/191","targetHints":{"allow":["GET"]}}],"collection":[{"href":"https:\/\/jelproducts.nl\/fr\/wp-json\/wp\/v2\/pages"}],"about":[{"href":"https:\/\/jelproducts.nl\/fr\/wp-json\/wp\/v2\/types\/page"}],"author":[{"embeddable":true,"href":"https:\/\/jelproducts.nl\/fr\/wp-json\/wp\/v2\/users\/1"}],"replies":[{"embeddable":true,"href":"https:\/\/jelproducts.nl\/fr\/wp-json\/wp\/v2\/comments?post=191"}],"version-history":[{"count":1,"href":"https:\/\/jelproducts.nl\/fr\/wp-json\/wp\/v2\/pages\/191\/revisions"}],"predecessor-version":[{"id":29550,"href":"https:\/\/jelproducts.nl\/fr\/wp-json\/wp\/v2\/pages\/191\/revisions\/29550"}],"wp:featuredmedia":[{"embeddable":true,"href":"https:\/\/jelproducts.nl\/fr\/wp-json\/wp\/v2\/media\/14209"}],"wp:attachment":[{"href":"https:\/\/jelproducts.nl\/fr\/wp-json\/wp\/v2\/media?parent=191"}],"curies":[{"name":"wp","href":"https:\/\/api.w.org\/{rel}","templated":true}]}}