{"id":30572,"date":"2025-06-30T15:59:40","date_gmt":"2025-06-30T14:59:40","guid":{"rendered":"https:\/\/jelproducts.nl\/?page_id=30572"},"modified":"2025-06-30T15:59:40","modified_gmt":"2025-06-30T14:59:40","slug":"calculatrice-depargne","status":"publish","type":"page","link":"https:\/\/jelproducts.nl\/fr\/besparingscalculator\/","title":{"rendered":"Calculateur d'\u00e9pargne"},"content":{"rendered":"","protected":false},"excerpt":{"rendered":"","protected":false},"author":1,"featured_media":0,"parent":0,"menu_order":0,"comment_status":"closed","ping_status":"closed","template":"","meta":{"footnotes":""},"class_list":["post-30572","page","type-page","status-publish","hentry"],"yoast_head":"<!-- This site is optimized with the Yoast SEO Premium plugin v27.4 (Yoast SEO v27.4) - https:\/\/yoast.com\/product\/yoast-seo-premium-wordpress\/ -->\n<title>Besparingscalculator | JEL Products<\/title>\n<meta name=\"description\" content=\"Op deze pagina gebruikt u gratis onze tool om direct en eenvoudig een besparingscalculatie uit te voeren. Bekijk onze besparingscalculator!\" \/>\n<meta name=\"robots\" content=\"index, follow, max-snippet:-1, max-image-preview:large, max-video-preview:-1\" \/>\n<link rel=\"canonical\" href=\"https:\/\/jelproducts.nl\/fr\/calculatrice-depargne\/\" \/>\n<meta property=\"og:locale\" content=\"fr_FR\" \/>\n<meta property=\"og:type\" content=\"article\" \/>\n<meta property=\"og:title\" content=\"Besparingscalculator\" \/>\n<meta property=\"og:description\" content=\"Op deze pagina gebruikt u gratis onze tool om direct en eenvoudig een besparingscalculatie uit te voeren. Bekijk onze besparingscalculator!\" \/>\n<meta property=\"og:url\" content=\"https:\/\/jelproducts.nl\/fr\/calculatrice-depargne\/\" \/>\n<meta property=\"og:site_name\" content=\"JEL Products\" \/>\n<meta property=\"og:image\" content=\"https:\/\/jelproducts.nl\/wp-content\/uploads\/2023\/07\/JELdeel_-Pwit-scaled.webp\" \/>\n\t<meta property=\"og:image:width\" content=\"2560\" \/>\n\t<meta property=\"og:image:height\" content=\"1971\" \/>\n\t<meta property=\"og:image:type\" content=\"image\/jpeg\" \/>\n<meta name=\"twitter:card\" content=\"summary_large_image\" \/>\n<script type=\"application\/ld+json\" class=\"yoast-schema-graph\">{\"@context\":\"https:\\\/\\\/schema.org\",\"@graph\":[{\"@type\":\"WebPage\",\"@id\":\"https:\\\/\\\/jelproducts.nl\\\/en\\\/savings-calculator\\\/\",\"url\":\"https:\\\/\\\/jelproducts.nl\\\/en\\\/savings-calculator\\\/\",\"name\":\"Besparingscalculator | JEL Products\",\"isPartOf\":{\"@id\":\"https:\\\/\\\/jelproducts.nl\\\/en\\\/#website\"},\"datePublished\":\"2025-06-30T14:59:40+00:00\",\"description\":\"Op deze pagina gebruikt u gratis onze tool om direct en eenvoudig een besparingscalculatie uit te voeren. Bekijk onze besparingscalculator!\",\"breadcrumb\":{\"@id\":\"https:\\\/\\\/jelproducts.nl\\\/en\\\/savings-calculator\\\/#breadcrumb\"},\"inLanguage\":\"fr-FR\",\"potentialAction\":[{\"@type\":\"ReadAction\",\"target\":[\"https:\\\/\\\/jelproducts.nl\\\/en\\\/savings-calculator\\\/\"]}]},{\"@type\":\"BreadcrumbList\",\"@id\":\"https:\\\/\\\/jelproducts.nl\\\/en\\\/savings-calculator\\\/#breadcrumb\",\"itemListElement\":[{\"@type\":\"ListItem\",\"position\":1,\"name\":\"Home\",\"item\":\"https:\\\/\\\/jelproducts.nl\\\/\"},{\"@type\":\"ListItem\",\"position\":2,\"name\":\"Besparingscalculator\"}]},{\"@type\":\"WebSite\",\"@id\":\"https:\\\/\\\/jelproducts.nl\\\/en\\\/#website\",\"url\":\"https:\\\/\\\/jelproducts.nl\\\/en\\\/\",\"name\":\"JEL Products\",\"description\":\"Verlichting voor extreme omstandigheden\",\"publisher\":{\"@id\":\"https:\\\/\\\/jelproducts.nl\\\/en\\\/#organization\"},\"potentialAction\":[{\"@type\":\"SearchAction\",\"target\":{\"@type\":\"EntryPoint\",\"urlTemplate\":\"https:\\\/\\\/jelproducts.nl\\\/en\\\/?s={search_term_string}\"},\"query-input\":{\"@type\":\"PropertyValueSpecification\",\"valueRequired\":true,\"valueName\":\"search_term_string\"}}],\"inLanguage\":\"fr-FR\"},{\"@type\":\"Organization\",\"@id\":\"https:\\\/\\\/jelproducts.nl\\\/en\\\/#organization\",\"name\":\"JEL Products\",\"url\":\"https:\\\/\\\/jelproducts.nl\\\/en\\\/\",\"logo\":{\"@type\":\"ImageObject\",\"inLanguage\":\"fr-FR\",\"@id\":\"https:\\\/\\\/jelproducts.nl\\\/en\\\/#\\\/schema\\\/logo\\\/image\\\/\",\"url\":\"https:\\\/\\\/jelproducts.nl\\\/wp-content\\\/uploads\\\/2022\\\/05\\\/JEL-Products-2024-jpg.webp\",\"contentUrl\":\"https:\\\/\\\/jelproducts.nl\\\/wp-content\\\/uploads\\\/2022\\\/05\\\/JEL-Products-2024-jpg.webp\",\"width\":2520,\"height\":694,\"caption\":\"JEL Products\"},\"image\":{\"@id\":\"https:\\\/\\\/jelproducts.nl\\\/en\\\/#\\\/schema\\\/logo\\\/image\\\/\"},\"sameAs\":[\"https:\\\/\\\/www.linkedin.com\\\/company\\\/jelproducts\\\/\"],\"description\":\"At JEL Products, we provide specialised and sustainable lighting solutions in industrial niche markets. As a service- and quality-oriented company, we specialise in providing thoughtful lighting solutions. Our customer-oriented approach and total solutions set us apart. We serve heavy industry worldwide, such as mining, vertical transport, offshore, ports, construction and infrastructure. We are proud to introduce our advanced DCbright and Dark Licht luminaires that meet stringent DarkSky requirements for light pollution. Together, we strive for a greener and safer future for all. Discover our innovative approach on the website and maximise sustainability and safety in your organisation together with our light!\",\"email\":\"info@jelproducts.nl\",\"telephone\":\"+31337859809\",\"legalName\":\"JEL Products\",\"foundingDate\":\"2019-11-01\",\"vatID\":\"NL860581974B01\",\"taxID\":\"76305317\",\"numberOfEmployees\":{\"@type\":\"QuantitativeValue\",\"minValue\":\"1\",\"maxValue\":\"10\"},\"publishingPrinciples\":\"https:\\\/\\\/jelproducts.nl\\\/nl\\\/onze-keurmerken\\\/\",\"actionableFeedbackPolicy\":\"https:\\\/\\\/jelproducts.nl\\\/en\\\/privacy\\\/\",\"correctionsPolicy\":\"https:\\\/\\\/jelproducts.nl\\\/en\\\/disclaimer\\\/\",\"ethicsPolicy\":\"https:\\\/\\\/jelproducts.nl\\\/en\\\/disclaimer\\\/\",\"diversityPolicy\":\"https:\\\/\\\/jelproducts.nl\\\/nl\\\/onze-keurmerken\\\/\",\"diversityStaffingReport\":\"https:\\\/\\\/jelproducts.nl\\\/en\\\/disclaimer\\\/\"}]}<\/script>\n<!-- \/ Yoast SEO Premium plugin. -->","yoast_head_json":{"title":"Calculateur d'\u00e9pargne | JEL Products","description":"Sur cette page, utilisez notre outil gratuit pour effectuer un calcul d'\u00e9pargne simple et instantan\u00e9. Consultez notre calculateur d'\u00e9conomies !","robots":{"index":"index","follow":"follow","max-snippet":"max-snippet:-1","max-image-preview":"max-image-preview:large","max-video-preview":"max-video-preview:-1"},"canonical":"https:\/\/jelproducts.nl\/fr\/calculatrice-depargne\/","og_locale":"fr_FR","og_type":"article","og_title":"Besparingscalculator","og_description":"Op deze pagina gebruikt u gratis onze tool om direct en eenvoudig een besparingscalculatie uit te voeren. Bekijk onze besparingscalculator!","og_url":"https:\/\/jelproducts.nl\/fr\/calculatrice-depargne\/","og_site_name":"JEL Products","og_image":[{"width":2560,"height":1971,"url":"https:\/\/jelproducts.nl\/wp-content\/uploads\/2023\/07\/JELdeel_-Pwit-scaled.webp","type":"image\/jpeg"}],"twitter_card":"summary_large_image","schema":{"@context":"https:\/\/schema.org","@graph":[{"@type":"WebPage","@id":"https:\/\/jelproducts.nl\/en\/savings-calculator\/","url":"https:\/\/jelproducts.nl\/en\/savings-calculator\/","name":"Calculateur d'\u00e9pargne | JEL Products","isPartOf":{"@id":"https:\/\/jelproducts.nl\/en\/#website"},"datePublished":"2025-06-30T14:59:40+00:00","description":"Sur cette page, utilisez notre outil gratuit pour effectuer un calcul d'\u00e9pargne simple et instantan\u00e9. Consultez notre calculateur d'\u00e9conomies !","breadcrumb":{"@id":"https:\/\/jelproducts.nl\/en\/savings-calculator\/#breadcrumb"},"inLanguage":"fr-FR","potentialAction":[{"@type":"ReadAction","target":["https:\/\/jelproducts.nl\/en\/savings-calculator\/"]}]},{"@type":"BreadcrumbList","@id":"https:\/\/jelproducts.nl\/en\/savings-calculator\/#breadcrumb","itemListElement":[{"@type":"ListItem","position":1,"name":"Home","item":"https:\/\/jelproducts.nl\/"},{"@type":"ListItem","position":2,"name":"Besparingscalculator"}]},{"@type":"WebSite","@id":"https:\/\/jelproducts.nl\/en\/#website","url":"https:\/\/jelproducts.nl\/en\/","name":"Produits JEL","description":"\u00c9clairage pour les conditions extr\u00eames","publisher":{"@id":"https:\/\/jelproducts.nl\/en\/#organization"},"potentialAction":[{"@type":"SearchAction","target":{"@type":"EntryPoint","urlTemplate":"https:\/\/jelproducts.nl\/en\/?s={search_term_string}"},"query-input":{"@type":"PropertyValueSpecification","valueRequired":true,"valueName":"search_term_string"}}],"inLanguage":"fr-FR"},{"@type":"Organization","@id":"https:\/\/jelproducts.nl\/en\/#organization","name":"Produits JEL","url":"https:\/\/jelproducts.nl\/en\/","logo":{"@type":"ImageObject","inLanguage":"fr-FR","@id":"https:\/\/jelproducts.nl\/en\/#\/schema\/logo\/image\/","url":"https:\/\/jelproducts.nl\/wp-content\/uploads\/2022\/05\/JEL-Products-2024-jpg.webp","contentUrl":"https:\/\/jelproducts.nl\/wp-content\/uploads\/2022\/05\/JEL-Products-2024-jpg.webp","width":2520,"height":694,"caption":"JEL Products"},"image":{"@id":"https:\/\/jelproducts.nl\/en\/#\/schema\/logo\/image\/"},"sameAs":["https:\/\/www.linkedin.com\/company\/jelproducts\/"],"description":"Chez JEL Products, nous fournissons des solutions d'\u00e9clairage sp\u00e9cialis\u00e9es et durables dans des niches industrielles. En tant qu'entreprise ax\u00e9e sur le service et la qualit\u00e9, nous nous sp\u00e9cialisons dans la fourniture de solutions d'\u00e9clairage r\u00e9fl\u00e9chies. Notre approche orient\u00e9e client et nos solutions globales nous distinguent. Nous sommes au service de l'industrie lourde dans le monde entier, notamment dans les secteurs de l'exploitation mini\u00e8re, du transport vertical, de l'offshore, des ports, de la construction et des infrastructures. Nous sommes fiers de pr\u00e9senter nos luminaires avanc\u00e9s DCbright et Dark Licht qui r\u00e9pondent aux exigences strictes de DarkSky en mati\u00e8re de pollution lumineuse. Ensemble, nous aspirons \u00e0 un avenir plus vert et plus s\u00fbr pour tous. D\u00e9couvrez notre approche innovante sur le site web et optimisez la durabilit\u00e9 et la s\u00e9curit\u00e9 de votre organisation gr\u00e2ce \u00e0 notre lumi\u00e8re !","email":"info@jelproducts.nl","telephone":"+31337859809","legalName":"JEL Products","foundingDate":"2019-11-01","vatID":"NL860581974B01","taxID":"76305317","numberOfEmployees":{"@type":"QuantitativeValue","minValue":"1","maxValue":"10"},"publishingPrinciples":"https:\/\/jelproducts.nl\/nl\/onze-keurmerken\/","actionableFeedbackPolicy":"https:\/\/jelproducts.nl\/en\/privacy\/","correctionsPolicy":"https:\/\/jelproducts.nl\/en\/disclaimer\/","ethicsPolicy":"https:\/\/jelproducts.nl\/en\/disclaimer\/","diversityPolicy":"https:\/\/jelproducts.nl\/nl\/onze-keurmerken\/","diversityStaffingReport":"https:\/\/jelproducts.nl\/en\/disclaimer\/"}]}},"_links":{"self":[{"href":"https:\/\/jelproducts.nl\/fr\/wp-json\/wp\/v2\/pages\/30572","targetHints":{"allow":["GET"]}}],"collection":[{"href":"https:\/\/jelproducts.nl\/fr\/wp-json\/wp\/v2\/pages"}],"about":[{"href":"https:\/\/jelproducts.nl\/fr\/wp-json\/wp\/v2\/types\/page"}],"author":[{"embeddable":true,"href":"https:\/\/jelproducts.nl\/fr\/wp-json\/wp\/v2\/users\/1"}],"replies":[{"embeddable":true,"href":"https:\/\/jelproducts.nl\/fr\/wp-json\/wp\/v2\/comments?post=30572"}],"version-history":[{"count":1,"href":"https:\/\/jelproducts.nl\/fr\/wp-json\/wp\/v2\/pages\/30572\/revisions"}],"predecessor-version":[{"id":30573,"href":"https:\/\/jelproducts.nl\/fr\/wp-json\/wp\/v2\/pages\/30572\/revisions\/30573"}],"wp:attachment":[{"href":"https:\/\/jelproducts.nl\/fr\/wp-json\/wp\/v2\/media?parent=30572"}],"curies":[{"name":"wp","href":"https:\/\/api.w.org\/{rel}","templated":true}]}}