{"id":31714,"date":"2026-03-20T12:18:43","date_gmt":"2026-03-20T11:18:43","guid":{"rendered":"https:\/\/jelproducts.nl\/accessibility-statement\/"},"modified":"2026-05-08T16:32:52","modified_gmt":"2026-05-08T15:32:52","slug":"declaration-daccessibilite","status":"publish","type":"page","link":"https:\/\/jelproducts.nl\/fr\/accessibility-statement\/","title":{"rendered":"D\u00e9claration d'accessibilit\u00e9"},"content":{"rendered":"<div data-elementor-type=\"wp-page\" data-elementor-id=\"31714\" class=\"elementor elementor-31714\" data-elementor-post-type=\"page\">\n\t\t\t\t<div class=\"elementor-element elementor-element-226c13d7 e-flex e-con-boxed e-con e-parent\" data-id=\"226c13d7\" data-element_type=\"container\" data-e-type=\"container\">\n\t\t\t\t\t<div class=\"e-con-inner\">\n\t\t\t\t<div class=\"elementor-element elementor-element-bbc7f64 elementor-widget elementor-widget-heading\" data-id=\"bbc7f64\" data-element_type=\"widget\" data-e-type=\"widget\" data-widget_type=\"heading.default\">\n\t\t\t\t<div class=\"elementor-widget-container\">\n\t\t\t\t\t<h2 class=\"elementor-heading-title elementor-size-default\">D\u00e9claration d'accessibilit\u00e9\n<\/h2>\t\t\t\t<\/div>\n\t\t\t\t<\/div>\n\t\t\t\t<div class=\"elementor-element elementor-element-4dd2efa3 elementor-widget elementor-widget-text-editor\" data-id=\"4dd2efa3\" data-element_type=\"widget\" data-e-type=\"widget\" data-widget_type=\"text-editor.default\">\n\t\t\t\t<div class=\"elementor-widget-container\">\n\t\t\t\t\t\t\t\t\t<p>D\u00e9claration d'accessibilit\u00e9 pour https:\/\/www.jelproducts.nl\/<\/p>\n<p>JEL Products B.V. zet zich in voor digitale toegankelijkheid voor mensen met een handicap. We verbeteren voortdurend de gebruikerservaring voor iedereen en passen de relevante toegankelijkheidsnormen toe.<\/p>\n<p><strong>\u00c9tat de conformit\u00e9<\/strong><br>Les directives sur l'accessibilit\u00e9 des contenus web (WCAG) d\u00e9finissent des exigences pour les concepteurs et les d\u00e9veloppeurs afin d'am\u00e9liorer l'accessibilit\u00e9 pour les personnes handicap\u00e9es. Trois niveaux de conformit\u00e9 sont d\u00e9finis : niveau A, niveau AA et niveau AAA.<\/p>\n<p>JEL Products B.V. spant zich voortdurend in om de toegankelijkheid van zijn site en diensten te verbeteren in de overtuiging dat het onze collectieve morele plicht is om een naadloos, toegankelijk en ongehinderd gebruik mogelijk te maken voor mensen met een handicap.<\/p>\n<p>We streven ernaar om alle pagina\u2019s en inhoud op https:\/\/www.jelproducts.nl\/ toegankelijk te maken, maar sommige inhoud voldoet mogelijk nog niet volledig aan de hoogste toegankelijkheidsnormen. Dit kon het gevolg zijn van uitdagingen bij het vinden van de meest geschikte technologische oplossing.<\/p>\n<p>Nous pouvons r\u00e9viser cette d\u00e9claration p\u00e9riodiquement pour refl\u00e9ter les am\u00e9liorations ou les changements apport\u00e9s \u00e0 nos pratiques en mati\u00e8re d'accessibilit\u00e9.<\/p>\n<p><strong>Retour d'information<\/strong><br>We ontvangen graag je feedback over de toegankelijkheid van JEL Products B.V. site. Laat het ons weten als je toegankelijkheidsbelemmeringen tegenkomt op onze site:<\/p>\n<p>E-mail : <a href=\"mailto:info@jelproducts.nl\">info@jelproducts.nl<\/a><\/p>\n<p>Nous nous effor\u00e7ons de r\u00e9pondre aux commentaires dans un d\u00e9lai de 3 \u00e0 5 jours ouvrables.<\/p>\n<p>Cette d\u00e9claration a \u00e9t\u00e9 cr\u00e9\u00e9e le 20-3-2026.<\/p>\t\t\t\t\t\t\t\t<\/div>\n\t\t\t\t<\/div>\n\t\t\t\t\t<\/div>\n\t\t\t\t<\/div>\n\t\t\t\t<\/div>","protected":false},"excerpt":{"rendered":"<p>Accessibility statement Toegankelijkheidsverklaring voor https:\/\/www.jelproducts.nl\/ JEL Products B.V. zet zich in voor digitale toegankelijkheid voor mensen met een handicap. We verbeteren voortdurend de gebruikerservaring voor iedereen en passen de relevante toegankelijkheidsnormen toe. ConformiteitsstatusDe web inhoud accessibility guidelines (WCAG) defini\u00ebren eisen voor ontwerpers en ontwikkelaars om de toegankelijkheid voor mensen met een handicap te verbeteren. Er [&hellip;]<\/p>\n","protected":false},"author":1,"featured_media":0,"parent":0,"menu_order":0,"comment_status":"closed","ping_status":"closed","template":"","meta":{"footnotes":""},"class_list":["post-31714","page","type-page","status-publish","hentry"],"yoast_head":"<!-- This site is optimized with the Yoast SEO Premium plugin v27.5 (Yoast SEO v27.5) - https:\/\/yoast.com\/product\/yoast-seo-premium-wordpress\/ -->\n<title>Accessibility Statement | JEL Products<\/title>\n<meta name=\"description\" content=\"Read the accessibility statement of JEL Products and learn how we aim to make our website accessible and usable for professional visitors.\" \/>\n<meta name=\"robots\" content=\"index, follow, max-snippet:-1, max-image-preview:large, max-video-preview:-1\" \/>\n<link rel=\"canonical\" href=\"https:\/\/jelproducts.nl\/fr\/declaration-daccessibilite\/\" \/>\n<meta property=\"og:locale\" content=\"fr_FR\" \/>\n<meta property=\"og:type\" content=\"article\" \/>\n<meta property=\"og:title\" content=\"Accessibility statement\" \/>\n<meta property=\"og:description\" content=\"Read the accessibility statement of JEL Products and learn how we aim to make our website accessible and usable for professional visitors.\" \/>\n<meta property=\"og:url\" content=\"https:\/\/jelproducts.nl\/fr\/declaration-daccessibilite\/\" \/>\n<meta property=\"og:site_name\" content=\"JEL Products\" \/>\n<meta property=\"article:modified_time\" content=\"2026-05-08T15:32:52+00:00\" \/>\n<meta property=\"og:image\" content=\"https:\/\/jelproducts.nl\/wp-content\/uploads\/2023\/07\/JELdeel_-Pwit-scaled.webp\" \/>\n\t<meta property=\"og:image:width\" content=\"2560\" \/>\n\t<meta property=\"og:image:height\" content=\"1971\" \/>\n\t<meta property=\"og:image:type\" content=\"image\/jpeg\" \/>\n<meta name=\"twitter:card\" content=\"summary_large_image\" \/>\n<meta name=\"twitter:label1\" content=\"Dur\u00e9e de lecture estim\u00e9e\" \/>\n\t<meta name=\"twitter:data1\" content=\"2 minutes\" \/>\n<script type=\"application\/ld+json\" class=\"yoast-schema-graph\">{\"@context\":\"https:\\\/\\\/schema.org\",\"@graph\":[{\"@type\":\"WebPage\",\"@id\":\"https:\\\/\\\/jelproducts.nl\\\/accessibility-statement\\\/\",\"url\":\"https:\\\/\\\/jelproducts.nl\\\/accessibility-statement\\\/\",\"name\":\"Accessibility Statement | JEL Products\",\"isPartOf\":{\"@id\":\"https:\\\/\\\/jelproducts.nl\\\/en\\\/#website\"},\"datePublished\":\"2026-03-20T11:18:43+00:00\",\"dateModified\":\"2026-05-08T15:32:52+00:00\",\"description\":\"Read the accessibility statement of JEL Products and learn how we aim to make our website accessible and usable for professional visitors.\",\"breadcrumb\":{\"@id\":\"https:\\\/\\\/jelproducts.nl\\\/accessibility-statement\\\/#breadcrumb\"},\"inLanguage\":\"fr-FR\",\"potentialAction\":[{\"@type\":\"ReadAction\",\"target\":[\"https:\\\/\\\/jelproducts.nl\\\/accessibility-statement\\\/\"]}]},{\"@type\":\"BreadcrumbList\",\"@id\":\"https:\\\/\\\/jelproducts.nl\\\/accessibility-statement\\\/#breadcrumb\",\"itemListElement\":[{\"@type\":\"ListItem\",\"position\":1,\"name\":\"Home\",\"item\":\"https:\\\/\\\/jelproducts.nl\\\/nl\\\/\"},{\"@type\":\"ListItem\",\"position\":2,\"name\":\"Accessibility statement\"}]},{\"@type\":\"WebSite\",\"@id\":\"https:\\\/\\\/jelproducts.nl\\\/en\\\/#website\",\"url\":\"https:\\\/\\\/jelproducts.nl\\\/en\\\/\",\"name\":\"JEL Products\",\"description\":\"Verlichting voor extreme omstandigheden\",\"publisher\":{\"@id\":\"https:\\\/\\\/jelproducts.nl\\\/en\\\/#organization\"},\"potentialAction\":[{\"@type\":\"SearchAction\",\"target\":{\"@type\":\"EntryPoint\",\"urlTemplate\":\"https:\\\/\\\/jelproducts.nl\\\/en\\\/?s={search_term_string}\"},\"query-input\":{\"@type\":\"PropertyValueSpecification\",\"valueRequired\":true,\"valueName\":\"search_term_string\"}}],\"inLanguage\":\"fr-FR\"},{\"@type\":\"Organization\",\"@id\":\"https:\\\/\\\/jelproducts.nl\\\/en\\\/#organization\",\"name\":\"JEL Products\",\"url\":\"https:\\\/\\\/jelproducts.nl\\\/en\\\/\",\"logo\":{\"@type\":\"ImageObject\",\"inLanguage\":\"fr-FR\",\"@id\":\"https:\\\/\\\/jelproducts.nl\\\/en\\\/#\\\/schema\\\/logo\\\/image\\\/\",\"url\":\"https:\\\/\\\/jelproducts.nl\\\/wp-content\\\/uploads\\\/2022\\\/05\\\/JEL-Products-2024-jpg.webp\",\"contentUrl\":\"https:\\\/\\\/jelproducts.nl\\\/wp-content\\\/uploads\\\/2022\\\/05\\\/JEL-Products-2024-jpg.webp\",\"width\":2520,\"height\":694,\"caption\":\"JEL Products\"},\"image\":{\"@id\":\"https:\\\/\\\/jelproducts.nl\\\/en\\\/#\\\/schema\\\/logo\\\/image\\\/\"},\"sameAs\":[\"https:\\\/\\\/www.linkedin.com\\\/company\\\/jelproducts\\\/\"],\"description\":\"At JEL Products, we provide specialised and sustainable lighting solutions in industrial niche markets. As a service- and quality-oriented company, we specialise in providing thoughtful lighting solutions. Our customer-oriented approach and total solutions set us apart. We serve heavy industry worldwide, such as mining, vertical transport, offshore, ports, construction and infrastructure. We are proud to introduce our advanced DCbright and Dark Licht luminaires that meet stringent DarkSky requirements for light pollution. Together, we strive for a greener and safer future for all. Discover our innovative approach on the website and maximise sustainability and safety in your organisation together with our light!\",\"email\":\"info@jelproducts.nl\",\"telephone\":\"+31337859809\",\"legalName\":\"JEL Products\",\"foundingDate\":\"2019-11-01\",\"vatID\":\"NL860581974B01\",\"taxID\":\"76305317\",\"numberOfEmployees\":{\"@type\":\"QuantitativeValue\",\"minValue\":\"1\",\"maxValue\":\"10\"},\"publishingPrinciples\":\"https:\\\/\\\/jelproducts.nl\\\/onze-keurmerken\\\/\",\"actionableFeedbackPolicy\":\"https:\\\/\\\/jelproducts.nl\\\/en\\\/privacy\\\/\",\"correctionsPolicy\":\"https:\\\/\\\/jelproducts.nl\\\/en\\\/disclaimer\\\/\",\"ethicsPolicy\":\"https:\\\/\\\/jelproducts.nl\\\/en\\\/disclaimer\\\/\",\"diversityPolicy\":\"https:\\\/\\\/jelproducts.nl\\\/onze-keurmerken\\\/\",\"diversityStaffingReport\":\"https:\\\/\\\/jelproducts.nl\\\/en\\\/disclaimer\\\/\"}]}<\/script>\n<!-- \/ Yoast SEO Premium plugin. -->","yoast_head_json":{"title":"Accessibility Statement | JEL Products","description":"Read the accessibility statement of JEL Products and learn how we aim to make our website accessible and usable for professional visitors.","robots":{"index":"index","follow":"follow","max-snippet":"max-snippet:-1","max-image-preview":"max-image-preview:large","max-video-preview":"max-video-preview:-1"},"canonical":"https:\/\/jelproducts.nl\/fr\/declaration-daccessibilite\/","og_locale":"fr_FR","og_type":"article","og_title":"Accessibility statement","og_description":"Read the accessibility statement of JEL Products and learn how we aim to make our website accessible and usable for professional visitors.","og_url":"https:\/\/jelproducts.nl\/fr\/declaration-daccessibilite\/","og_site_name":"JEL Products","article_modified_time":"2026-05-08T15:32:52+00:00","og_image":[{"width":2560,"height":1971,"url":"https:\/\/jelproducts.nl\/wp-content\/uploads\/2023\/07\/JELdeel_-Pwit-scaled.webp","type":"image\/jpeg"}],"twitter_card":"summary_large_image","twitter_misc":{"Dur\u00e9e de lecture estim\u00e9e":"2 minutes"},"schema":{"@context":"https:\/\/schema.org","@graph":[{"@type":"WebPage","@id":"https:\/\/jelproducts.nl\/accessibility-statement\/","url":"https:\/\/jelproducts.nl\/accessibility-statement\/","name":"Accessibility Statement | JEL Products","isPartOf":{"@id":"https:\/\/jelproducts.nl\/en\/#website"},"datePublished":"2026-03-20T11:18:43+00:00","dateModified":"2026-05-08T15:32:52+00:00","description":"Read the accessibility statement of JEL Products and learn how we aim to make our website accessible and usable for professional visitors.","breadcrumb":{"@id":"https:\/\/jelproducts.nl\/accessibility-statement\/#breadcrumb"},"inLanguage":"fr-FR","potentialAction":[{"@type":"ReadAction","target":["https:\/\/jelproducts.nl\/accessibility-statement\/"]}]},{"@type":"BreadcrumbList","@id":"https:\/\/jelproducts.nl\/accessibility-statement\/#breadcrumb","itemListElement":[{"@type":"ListItem","position":1,"name":"Home","item":"https:\/\/jelproducts.nl\/nl\/"},{"@type":"ListItem","position":2,"name":"Accessibility statement"}]},{"@type":"WebSite","@id":"https:\/\/jelproducts.nl\/en\/#website","url":"https:\/\/jelproducts.nl\/en\/","name":"Produits JEL","description":"\u00c9clairage pour les conditions extr\u00eames","publisher":{"@id":"https:\/\/jelproducts.nl\/en\/#organization"},"potentialAction":[{"@type":"SearchAction","target":{"@type":"EntryPoint","urlTemplate":"https:\/\/jelproducts.nl\/en\/?s={search_term_string}"},"query-input":{"@type":"PropertyValueSpecification","valueRequired":true,"valueName":"search_term_string"}}],"inLanguage":"fr-FR"},{"@type":"Organization","@id":"https:\/\/jelproducts.nl\/en\/#organization","name":"Produits JEL","url":"https:\/\/jelproducts.nl\/en\/","logo":{"@type":"ImageObject","inLanguage":"fr-FR","@id":"https:\/\/jelproducts.nl\/en\/#\/schema\/logo\/image\/","url":"https:\/\/jelproducts.nl\/wp-content\/uploads\/2022\/05\/JEL-Products-2024-jpg.webp","contentUrl":"https:\/\/jelproducts.nl\/wp-content\/uploads\/2022\/05\/JEL-Products-2024-jpg.webp","width":2520,"height":694,"caption":"JEL Products"},"image":{"@id":"https:\/\/jelproducts.nl\/en\/#\/schema\/logo\/image\/"},"sameAs":["https:\/\/www.linkedin.com\/company\/jelproducts\/"],"description":"Chez JEL Products, nous fournissons des solutions d'\u00e9clairage sp\u00e9cialis\u00e9es et durables dans des niches industrielles. En tant qu'entreprise ax\u00e9e sur le service et la qualit\u00e9, nous nous sp\u00e9cialisons dans la fourniture de solutions d'\u00e9clairage r\u00e9fl\u00e9chies. Notre approche orient\u00e9e client et nos solutions globales nous distinguent. Nous sommes au service de l'industrie lourde dans le monde entier, notamment dans les secteurs de l'exploitation mini\u00e8re, du transport vertical, de l'offshore, des ports, de la construction et des infrastructures. Nous sommes fiers de pr\u00e9senter nos luminaires avanc\u00e9s DCbright et Dark Licht qui r\u00e9pondent aux exigences strictes de DarkSky en mati\u00e8re de pollution lumineuse. Ensemble, nous aspirons \u00e0 un avenir plus vert et plus s\u00fbr pour tous. D\u00e9couvrez notre approche innovante sur le site web et optimisez la durabilit\u00e9 et la s\u00e9curit\u00e9 de votre organisation gr\u00e2ce \u00e0 notre lumi\u00e8re !","email":"info@jelproducts.nl","telephone":"+31337859809","legalName":"JEL Products","foundingDate":"2019-11-01","vatID":"NL860581974B01","taxID":"76305317","numberOfEmployees":{"@type":"QuantitativeValue","minValue":"1","maxValue":"10"},"publishingPrinciples":"https:\/\/jelproducts.nl\/onze-keurmerken\/","actionableFeedbackPolicy":"https:\/\/jelproducts.nl\/en\/privacy\/","correctionsPolicy":"https:\/\/jelproducts.nl\/en\/disclaimer\/","ethicsPolicy":"https:\/\/jelproducts.nl\/en\/disclaimer\/","diversityPolicy":"https:\/\/jelproducts.nl\/onze-keurmerken\/","diversityStaffingReport":"https:\/\/jelproducts.nl\/en\/disclaimer\/"}]}},"_links":{"self":[{"href":"https:\/\/jelproducts.nl\/fr\/wp-json\/wp\/v2\/pages\/31714","targetHints":{"allow":["GET"]}}],"collection":[{"href":"https:\/\/jelproducts.nl\/fr\/wp-json\/wp\/v2\/pages"}],"about":[{"href":"https:\/\/jelproducts.nl\/fr\/wp-json\/wp\/v2\/types\/page"}],"author":[{"embeddable":true,"href":"https:\/\/jelproducts.nl\/fr\/wp-json\/wp\/v2\/users\/1"}],"replies":[{"embeddable":true,"href":"https:\/\/jelproducts.nl\/fr\/wp-json\/wp\/v2\/comments?post=31714"}],"version-history":[{"count":3,"href":"https:\/\/jelproducts.nl\/fr\/wp-json\/wp\/v2\/pages\/31714\/revisions"}],"predecessor-version":[{"id":33281,"href":"https:\/\/jelproducts.nl\/fr\/wp-json\/wp\/v2\/pages\/31714\/revisions\/33281"}],"wp:attachment":[{"href":"https:\/\/jelproducts.nl\/fr\/wp-json\/wp\/v2\/media?parent=31714"}],"curies":[{"name":"wp","href":"https:\/\/api.w.org\/{rel}","templated":true}]}}